{"id":2109,"date":"2015-01-05T20:26:01","date_gmt":"2015-01-05T20:26:01","guid":{"rendered":"http:\/\/eminatasoy.com\/?page_id=2109"},"modified":"2021-10-07T11:36:09","modified_gmt":"2021-10-07T11:36:09","slug":"ben-kimim","status":"publish","type":"page","link":"http:\/\/eminatasoy.com\/?page_id=2109","title":{"rendered":"\u00d6zge\u00e7mi\u015f"},"content":{"rendered":"<ul class=\"g1-grid\"><li class=\"g1-column g1-two-third g1-valign-top\">\n<p><a href=\"http:\/\/eminatasoy.com\/wp-content\/uploads\/2015\/01\/eatasoy.jpg\"><img loading=\"lazy\" decoding=\"async\" class=\"alignleft wp-image-3934 size-medium\" src=\"http:\/\/eminatasoy.com\/wp-content\/uploads\/2015\/01\/eatasoy-300x231.jpg\" alt=\"eatasoy\" width=\"300\" height=\"231\" srcset=\"http:\/\/eminatasoy.com\/wp-content\/uploads\/2015\/01\/eatasoy-300x231.jpg 300w, http:\/\/eminatasoy.com\/wp-content\/uploads\/2015\/01\/eatasoy-239x184.jpg 239w, http:\/\/eminatasoy.com\/wp-content\/uploads\/2015\/01\/eatasoy.jpg 311w\" sizes=\"(max-width: 300px) 100vw, 300px\" \/><\/a>1969 y\u0131l\u0131nda Bulgaristan\u2019\u0131n Targovi\u015fte (Eski Cuma)\u2019ye ba\u011fl\u0131 Krep\u00e7a k\u00f6y\u00fcnde do\u011fdu. \u0130lk\u00f6\u011frenimini Krep\u00e7a\u2019daki ilk\u00f6\u011fretim okulunda bitirdi. 1986 y\u0131l\u0131nda Popovo \u201cHristo Botev\u201d Lisesi\u2019nden mezun oldu. \u0130ki y\u0131ll\u0131k askerlik hizmetinden sonra, 1988\u2019de Veliko T\u0131rnovo kentindeki \u201cKiril i Metodiy\u201d \u00dcniversitesi\u2019nin Co\u011frafya \u2013 Tarih \u00d6\u011fretmenli\u011fi B\u00f6l\u00fcm\u00fc\u2019nde okudu. 1989 y\u0131l\u0131nda, zorunlu olarak, ailesiyle T\u00fcrkiye\u2019ye g\u00f6\u00e7 etti ve y\u00fcksek \u00f6\u011frenimini burada devam etti. 1993\u2019te Uluda\u011f \u00dcniversitesi Necatibey E\u011fitim Fak\u00fcltesi\u2019nin Co\u011frafya E\u011fitimi Anabilim Dal\u0131\u2019ndan mezun oldu. 1996 y\u0131l\u0131nda \u0130stanbul \u00dcniversitesi Deniz Bilimleri ve Co\u011frafya Enstit\u00fcs\u00fc\u2019nde Be\u015feri ve \u0130ktisadi Co\u011frafya Anabilim Dal\u0131\u2019nda y\u00fcksek lisans \u00f6\u011frenimini tamamlad\u0131. 1994 \u2013 1999 y\u0131llar\u0131 aras\u0131nda \u0130stanbul ve Bursa\u2019n\u0131n farkl\u0131 \u00f6zel e\u011fitim kurumlar\u0131nda co\u011frafya \u00f6\u011fretmeni olarak \u00e7al\u0131\u015ft\u0131. 1999\u2019da Uluda\u011f \u00dcniversitesi E\u011fitim Fak\u00fcltesi\u2019nde a\u00e7\u0131lan \u00f6\u011fretim g\u00f6revlili\u011fi s\u0131nav\u0131n\u0131 kazand\u0131 ve \u0130lk\u00f6\u011fretim B\u00f6l\u00fcm\u00fc\u2019ne \u00f6\u011fretim g\u00f6revlisi olarak atand\u0131. 2005 y\u0131l\u0131nda Uluda\u011f \u00dcniversitesi Sosyal Bilimler Enstit\u00fcs\u00fc\u2019nde doktora \u00f6\u011frenimini tamamlad\u0131. 2009\u2019da yard\u0131mc\u0131 do\u00e7ent, 2010 y\u0131l\u0131nda do\u00e7ent ve 2015 y\u0131l\u0131nda da profes\u00f6r oldu.\u00a0Akademik ya\u015fam\u0131 boyunca uluslararas\u0131 kongrelerde tam metin yay\u0131mlanm\u0131\u015f 100\u2019den fazla bildirisi bulunan Atasoy\u2019un, 30\u2019dan fazla kitap ve kitap b\u00f6l\u00fcm\u00fc, \u00a0120\u2019den fazla bilimsel makalesi ve 40\u2019tan fazla SCOPUS veya SSCI indeksli dergilerde yay\u0131nlar\u0131 bulunmaktad\u0131r. Yazar\u0131n bilimsel ilgi alanlar\u0131 i\u00e7inde Demografi ve Jeopolitik, \u00dclkeler co\u011frafyas\u0131 ve N\u00fcfus co\u011frafyas\u0131, Be\u015feri co\u011frafya ve Turizm co\u011frafyas\u0131, Co\u011frafya e\u011fitimi ve \u00c7evre e\u011fitimi, Siyasi co\u011frafya ve Etnoco\u011frafya yer almaktad\u0131r. Atasoy\u2019un dan\u0131\u015fmanl\u0131\u011f\u0131nda bug\u00fcne kadar Kazakistan k\u00f6kenli 10\u2019dan fazla doktora \u00f6\u011frencisi ba\u015far\u0131yla mezun olmu\u015f ve Kazakistan \u00fcniversitelerinde \u00f6\u011fretim \u00fcyesi olarak g\u00f6reve ba\u015flam\u0131\u015ft\u0131r. Ayr\u0131ca Nur Sultan, Pavlodar, Karaganda, At\u0131rau, Oral, Petropavlovsk, Almat\u0131 ve Tald\u0131 Kurgan kentlerinde yer alan \u00fcniversitelerdeki \u00f6\u011fretim \u00fcyeleriyle birlikte Atasoy\u2019un katk\u0131lar\u0131yla 30\u2019dan fazla SCOPUS veya SSCI indeksli dergilerde makale Kazak meslekta\u015flarla birlikte yay\u0131mlanm\u0131\u015ft\u0131r. Yap\u0131lan bu akademik i\u015fbirli\u011fi ve bilimsel dayan\u0131\u015fma sonucunda 2021 y\u0131l\u0131nda, Prof. Dr. Emin ATASOY\u2019a \u201cL. N. Gumilev\u201d Avrasya Milli \u00dcniversitesi senatosu taraf\u0131ndan \u201cFahri Profes\u00f6rl\u00fck\u201d diplomas\u0131 verilmi\u015ftir. \u00c7ok iyi derecede Bulgarca ve Rus\u00e7a bilen Atasoy, evli ve bir \u00e7ocuk babas\u0131d\u0131r. Prof. Dr. Emin ATASOY, Uluda\u011f \u00dcniversitesi E\u011fitim Fak\u00fcltesi Sosyal Bilimler ve T\u00fcrk\u00e7e E\u011fitimi B\u00f6l\u00fcm\u00fc Sosyal Bilgiler \u00d6\u011fretmenli\u011fi A.B.D.\u2019da \u00f6\u011fretim \u00fcyesi olarak \u00e7al\u0131\u015fmalar\u0131n\u0131 s\u00fcrd\u00fcrmektedir.<\/p>\n<\/li><!-- -->\n<li class=\"g1-column g1-one-third g1-valign-top\">\n<figure id=\"1\" class=\"g1-quote g1-quote--simple g1-quote--small \" ><div class=\"g1-inner\">\n<p>YAZI\u015eMA ADRES\u0130: Uluda\u011f \u00dcniversitesi, E\u011fitim Fak\u00fcltesi, \u0130lk\u00f6\u011fretim B\u00f6l\u00fcm\u00fc<br \/>\nSosyal Bilgiler E\u011fitimi Ana Bilim Dal\u0131 G\u00f6r\u00fckle\/BURSA<\/p>\n<\/div><figcaption class=\"g1-meta\"><span class=\"g1-quote__image\"><\/span><strong>Emin Atasoy<\/strong><span>Do\u00e7. Dr.<\/span><\/figcaption><\/figure>\n<form action=\"http:\/\/eminatasoy.com\/?page_id=2109#1\" method=\"post\" id=\"1\" class=\"contact-form iletisim\"><div class=\"form-row\"><label for=\"contact_form_name_1\">Ad Soyad <em class=\"meta\">(zorunlu)<\/em><\/label><input type=\"text\" id=\"contact_form_name_1\" name=\"contact_form_name_1\" value=\"\" \/><\/div><div class=\"form-row\"><label for=\"contact_form_email_1\">Email  <em class=\"meta\">(zorunlu)<\/em><\/label><input type=\"text\" id=\"contact_form_email_1\" name=\"contact_form_email_1\" value=\"\" \/><\/div><div class=\"form-row\"><label for=\"contact_form_message_1\">Mesajiniz <em class=\"meta\">(zorunlu)<\/em><\/label><textarea id=\"contact_form_message_1\" name=\"contact_form_message_1\" rows=\"5\" cols=\"5\"><\/textarea><\/div><div class=\"form-row\"><label for=\"contact_form_captcha_1\">4 + 9 ?  <em class=\"meta\">(Yandaki islemi yapiniz.)<\/em><\/label><input type=\"text\" class=\"u-2\" id=\"contact_form_captcha_1\" name=\"contact_form_captcha_1\" value=\"\" \/><\/div><fieldset><input type=\"hidden\" id=\"contact_form_captcha_hash_1\" name=\"contact_form_captcha_hash_1\" value=\"33ebd5b07dc7e407752fe773eed20635\" \/><\/fieldset><fieldset><input type=\"hidden\" id=\"contact_form_data\" name=\"contact_form_data\" value=\"YTo4OntzOjI6ImlkIjtzOjE6IjEiO3M6NToiY2xhc3MiO3M6ODoiaWxldGlzaW0iO3M6NDoibmFtZSI7czoxMjoiY29udGFjdF9mb3JtIjtzOjU6ImVtYWlsIjtzOjIyOiJlYXRhc295QHVsdWRhZy5lZHUudHIgIjtzOjc6InN1YmplY3QiO3M6NDoiS29udSI7czo3OiJzdWNjZXNzIjtzOjc6IkfDtm5kZXIiO3M6NzoiZmFpbHVyZSI7czo0OiJIYXRhIjtzOjc6ImNvdW50ZXIiO2k6MTt9\" \/><\/fieldset><div class=\"form-row\"><input type=\"submit\" name=\"contact_form_submit_1\" id=\"contact_form_submit_1\" value=\"G\u00f6nder\" \/><\/div><\/form>\n<\/li><!-- --><\/ul>\n","protected":false},"excerpt":{"rendered":"","protected":false},"author":1,"featured_media":0,"parent":0,"menu_order":0,"comment_status":"closed","ping_status":"closed","template":"","meta":{"footnotes":""},"_links":{"self":[{"href":"http:\/\/eminatasoy.com\/index.php?rest_route=\/wp\/v2\/pages\/2109"}],"collection":[{"href":"http:\/\/eminatasoy.com\/index.php?rest_route=\/wp\/v2\/pages"}],"about":[{"href":"http:\/\/eminatasoy.com\/index.php?rest_route=\/wp\/v2\/types\/page"}],"author":[{"embeddable":true,"href":"http:\/\/eminatasoy.com\/index.php?rest_route=\/wp\/v2\/users\/1"}],"replies":[{"embeddable":true,"href":"http:\/\/eminatasoy.com\/index.php?rest_route=%2Fwp%2Fv2%2Fcomments&post=2109"}],"version-history":[{"count":11,"href":"http:\/\/eminatasoy.com\/index.php?rest_route=\/wp\/v2\/pages\/2109\/revisions"}],"predecessor-version":[{"id":11785,"href":"http:\/\/eminatasoy.com\/index.php?rest_route=\/wp\/v2\/pages\/2109\/revisions\/11785"}],"wp:attachment":[{"href":"http:\/\/eminatasoy.com\/index.php?rest_route=%2Fwp%2Fv2%2Fmedia&parent=2109"}],"curies":[{"name":"wp","href":"https:\/\/api.w.org\/{rel}","templated":true}]}}