{"id":3677,"date":"2015-01-09T18:16:27","date_gmt":"2015-01-09T18:16:27","guid":{"rendered":"http:\/\/eminatasoy.com\/?page_id=3677"},"modified":"2024-02-06T13:02:55","modified_gmt":"2024-02-06T13:02:55","slug":"yurt-ici-kitap-bolumleri","status":"publish","type":"page","link":"http:\/\/eminatasoy.com\/?page_id=3677","title":{"rendered":"Yurt \u0130\u00e7i Kitap B\u00f6l\u00fcmleri"},"content":{"rendered":"<ul>\n<li><strong>Emin, Atasoy\u00a0<\/strong>(2009) Balkan K\u00fclt\u00fcrlerin Kayna\u015fmas\u0131nda Bulgaristan\u201fdan T\u00fcrkiye\u201fye Y\u00f6nelen G\u00f6\u00e7lerin Yeri ve \u00d6nemi, \u201cK\u00fclt\u00fcrleraras\u0131 Diyalog ve E\u011fitim A\u011f\u0131: T\u00fcrkiye &#8211; Bulgaristan\u201d \u00d6\u011frenci El Kitab\u0131, Edit\u00f6r: Ahmet Emin Atasoy, Uluda\u011f \u00dcniversitesi Bas\u0131mevi M\u00fcd\u00fcrl\u00fc\u011f\u00fc, Bursa &#8211; 2009, Sayfa: 141-154.<\/li>\n<\/ul>\n<ul>\n<li><strong>Emin, Atasoy\u00a0<\/strong>(2009) Bulgaristan ve T\u00fcrkiye\u2019nin Demografik \u00d6zelliklerinin Kar\u015f\u0131la\u015ft\u0131rmal\u0131 \u0130rdelenmesi ve Sonu\u00e7lar\u0131, \u201cK\u00fclt\u00fcrleraras\u0131 Diyalog ve E\u011fitim A\u011f\u0131: T\u00fcrkiye &#8211; Bulgaristan\u201d \u00d6\u011frenci El Kitab\u0131, Edit\u00f6r: Ahmet Emin Atasoy, Uluda\u011f \u00dcniversitesi Bas\u0131mevi M\u00fcd\u00fcrl\u00fc\u011f\u00fc, Bursa &#8211; 2009, Sayfa: 141-154<\/li>\n<\/ul>\n<ul>\n<li><strong>Emin, Atasoy\u00a0<\/strong>(2010) \u201cG\u00f6\u00e7ler Co\u011frafyas\u0131\u201d, Be\u015feri Co\u011frafya, Edit\u00f6r: Prof. Dr. Cemalletin \u015eahin, G\u00fcnd\u00fcz E\u011fitim Yay\u0131nc\u0131l\u0131k, Ankara, 2010<\/li>\n<\/ul>\n<ul>\n<li><strong>Emin, Atasoy\u00a0<\/strong>(2012) Sovyetler Birli\u011finin Da\u011f\u0131lmas\u0131ndan Yirmi Y\u0131l Sonra Rusya Federasyonu. T\u00fcrk Dilli Halklar \u2013 T\u00fcrkiye \u0130le \u0130li\u015fkiler, \u201cBa\u015fkurdistan Cumhuriyetinin Demografik ve Ekonomik Verilerin Analizi\u201d, Edit\u00f6rler: Erhan B\u00fcy\u00fckak\u0131nc\u0131 \u2013 Ey\u00fcp Bacanl\u0131, Atat\u00fcrk K\u00fclt\u00fcr Merkezi Yay\u0131nlar\u0131: 411, Ankara \u2013 2012: Sayfa: 335-352<\/li>\n<\/ul>\n<ul>\n<li><strong>Emin, Atasoy<\/strong>\u00a0(2012) Sovyetler Birli\u011finin Da\u011f\u0131lmas\u0131ndan Yirmi Y\u0131l Sonra Rusya Federasyonu. T\u00fcrk Dilli Halklar \u2013 T\u00fcrkiye \u0130le \u0130li\u015fkiler, \u201c\u00c7uva\u015fistan\u2019\u0131n Demografik ve Ekonomik Verilerinin Analizi\u201d, Edit\u00f6rler: Erhan B\u00fcy\u00fckak\u0131nc\u0131 \u2013 Ey\u00fcp Bacanl\u0131, Atat\u00fcrk K\u00fclt\u00fcr Merkezi Yay\u0131nlar\u0131: 411, Ankara \u2013 2012: Sayfa: 427-438<\/li>\n<\/ul>\n<ul>\n<li><strong>Emin, Atasoy\u00a0<\/strong>(2012) Sovyetler Birli\u011finin Da\u011f\u0131lmas\u0131ndan Yirmi Y\u0131l Sonra Rusya Federasyonu. T\u00fcrk Dilli Halklar \u2013 T\u00fcrkiye \u0130le \u0130li\u015fkiler, \u201cSibirya \u2013 Saha (Yakutistan), T\u0131va, Hakasya, Altay Cumhuriyetlerinin Demografik ve Ekonomik Verilerinin Analizi\u201d, Edit\u00f6rler: Erhan B\u00fcy\u00fckak\u0131nc\u0131 \u2013 Ey\u00fcp Bacanl\u0131, Atat\u00fcrk K\u00fclt\u00fcr Merkezi Yay\u0131nlar\u0131 : 411, Ankara \u2013 2012: Sayfa: 711-759<\/li>\n<\/ul>\n<ul>\n<li><strong>Emin Atasoy<\/strong>,\u00a0 \u201c<em>\u0130dari ve B\u00f6lgesel Co\u011frafya Perspektifinden Belarus Cumhuriyeti<\/em>\u201d, \u201cTarihsel, Co\u011frafi ve Ekonomik Boyutlar\u0131yla Belarus\u201d Sentez Yay\u0131nlar\u0131, Bursa, 2015, s. 67-101<\/li>\n<\/ul>\n<ul>\n<li><strong>Emin Atasoy<\/strong>, \u201c<em>Kentle\u015fme A\u00e7\u0131s\u0131ndan Belarus<\/em>\u201d, \u201cTarihsel, Co\u011frafi ve Ekonomik Boyutlar\u0131yla Belarus\u201d Sentez Yay\u0131nlar\u0131, Bursa, 2015, s. 127-144<\/li>\n<\/ul>\n<ul>\n<li><strong>Emin Atasoy<\/strong>, \u201c<em>Belarus Oblastlar\u0131<\/em>\u201d, \u201cTarihsel, Co\u011frafi ve Ekonomik Boyutlar\u0131yla Belarus\u201d Sentez Yay\u0131nlar\u0131, Bursa, 2015,\u00a0 s. 67-101<\/li>\n<\/ul>\n<ul>\n<li><strong>Emin Atasoy<\/strong>, \u201c<em>Belarus\u2019un Co\u011frafi Konumu ve Fiziki Co\u011frafya \u00d6zellikleri<\/em>\u201d, \u201cTarihsel, Co\u011frafi ve Ekonomik Boyutlar\u0131yla Belarus\u201d Sentez Yay\u0131nlar\u0131, Bursa, 2015, s. 67-101<\/li>\n<\/ul>\n<ul>\n<li><strong>Emin Atasoy<\/strong>, \u201c<em>\u0130dari ve B\u00f6lgesel Co\u011frafya Perspektifinden Belarus Cumhuriyeti\u201d<\/em>, \u201cCo\u011frafya\u2019da Yeni Yakla\u015f\u0131mlar\u201d, Dokuz Eyl\u00fcl \u00dcniversitesi, E\u011fitim Bilimleri Enstit\u00fcs\u00fc, Edit\u00f6r: Prof. Dr. Recep Efe, \u0130zmir, 2015, s. 155-169<\/li>\n<li><strong>Emin Atasoy<\/strong> &amp; Abdullah Soykan, (2017) \u201cPerceptions of Minority in Bulgaria and Perspectives of Ethnic Bulgarians Towards Turkish Community\u201d, Glimpses of Balkans, Edited by: Abidin Temizel, Gece Kitapl\u0131\u011f\u0131, 2017, Ankara, p. 167-200<\/li>\n<li><strong>Emin Atasoy<\/strong> &amp; \u0130smail Orkun Atasoy, (2017) \u201c<em>A\u015fka ve \u00d6l\u00fcme Susam\u0131\u015f Bir \u015eair: Peyo Yavorov\u201d<\/em>, Ya\u015fam ve \u00d6l\u00fcm Felsefesi, Edit\u00f6r: A. Kadir \u00c7\u00fc\u00e7en, Sentez Yay\u0131nlar\u0131, 2017, Bursa<\/li>\n<li><strong>Emin Atasoy<\/strong>, Jan A. Wendt, Abdullah Soykan, Jaras G. Berdenov, (2017) <em>\u201cCo\u011frafya Perspektifinden Polonya Cumhuriyeti\u201d,<\/em> Sosyal Bilimler I\u015f\u0131\u011f\u0131nda Polonya Cumhuriyeti, Edit\u00f6rler: Emin Atasoy ve Jan A. Wendt, Beta Yay\u0131nlar\u0131, 2017, \u0130stanbul, s. 3-37<\/li>\n<li><strong>Emin Atasoy<\/strong>, Jan A. Wendt, Beknur \u0130zenbayev, Aygul E. Yeginbayeva, (2017) <em>\u201cCo\u011frafya ve Turizm Perspektifinden Mazur G\u00f6ller B\u00f6lgesi<\/em>\u201d, Sosyal Bilimler I\u015f\u0131\u011f\u0131nda Polonya Cumhuriyeti, Edit\u00f6rler: Emin Atasoy ve Jan A. Wendt, Beta Yay\u0131nlar\u0131, 2017, \u0130stanbul, s. 93-123<\/li>\n<li><strong>Emin Atasoy<\/strong>, Abdullah Soykan, Elena Galay, Jan A. Wendt (2017) \u201c<em>Etnoco\u011frafya Perspektifinden Belarus Cumhuriyetindeki Polonyal\u0131lar\u201d,<\/em> Sosyal Bilimler I\u015f\u0131\u011f\u0131nda Polonya Cumhuriyeti, Edit\u00f6rler: Emin Atasoy ve Jan A. Wendt, Beta Yay\u0131nlar\u0131, 2017, \u0130stanbul, s. 125-143<\/li>\n<li>Recep Efe, <strong>Emin Atasoy<\/strong>, Marek Barwinski, Jan A. Wendt (2017) <em>\u201cPolonya Siyasetinde Ulusal Az\u0131nl\u0131klar ve Do\u011fu Kom\u015fular\u0131<\/em>\u201d, Sosyal Bilimler I\u015f\u0131\u011f\u0131nda Polonya Cumhuriyeti, Edit\u00f6rler: Emin Atasoy ve Jan A. Wendt, Beta Yay\u0131nlar\u0131, 2017, \u0130stanbul, s. 203-222<\/li>\n<li><strong>Emin Atasoy<\/strong>, Jelen Igor, Jan A. Wendt, Recep Efe (2017) <em>\u201cOrta Avrupa\u2019da Polonya\u2019n\u0131n Jeostratejik ve Jeopolitik Konumu (1918-1939)<\/em>\u201d, Sosyal Bilimler I\u015f\u0131\u011f\u0131nda Polonya Cumhuriyeti, Edit\u00f6rler: Emin Atasoy ve Jan A. Wendt, Beta Yay\u0131nlar\u0131, 2017, \u0130stanbul, s. 511-522<\/li>\n<li><strong>Emin Atasoy<\/strong>, Evren At\u0131\u015f, Yerbol Pangal\u0131yev (2021) \u201c<em>Dinler Co\u011frafyas\u0131 Perspektifinden Sihizm\u201d<\/em>, Atat\u00fcrk \u00dcniversitesi Co\u011frafya Ara\u015ft\u0131rmalar\u0131 Serisi 2021 \u201cBe\u015feri Co\u011frafya\u201d, Gazi Kitabevi, Ankara<\/li>\n<li><strong>Atasoy, E.<\/strong> (2023) <em>\u201cFilipinler Cumhuriyeti Turizm ve Gezi Rehberi: Gezdim. G\u00f6rd\u00fcm. Yazd\u0131m\u201d, <\/em>Medyay Kitabevi, Bursa<\/li>\n<\/ul>\n","protected":false},"excerpt":{"rendered":"<p>Emin, Atasoy\u00a0(2009) Balkan K\u00fclt\u00fcrlerin Kayna\u015fmas\u0131nda Bulgaristan\u201fdan T\u00fcrkiye\u201fye Y\u00f6nelen G\u00f6\u00e7lerin Yeri ve \u00d6nemi, \u201cK\u00fclt\u00fcrleraras\u0131 Diyalog ve E\u011fitim A\u011f\u0131: T\u00fcrkiye &#8211; Bulgaristan\u201d \u00d6\u011frenci El Kitab\u0131, Edit\u00f6r: Ahmet Emin Atasoy, Uluda\u011f \u00dcniversitesi Bas\u0131mevi M\u00fcd\u00fcrl\u00fc\u011f\u00fc, Bursa &#8211; 2009, Sayfa: 141-154. Emin, Atasoy\u00a0(2009) Bulgaristan ve T\u00fcrkiye\u2019nin Demografik \u00d6zelliklerinin Kar\u015f\u0131la\u015ft\u0131rmal\u0131 \u0130rdelenmesi ve Sonu\u00e7lar\u0131, \u201cK\u00fclt\u00fcrleraras\u0131 Diyalog ve E\u011fitim A\u011f\u0131: T\u00fcrkiye &#8211; Bulgaristan\u201d [&hellip;]<\/p>\n","protected":false},"author":1,"featured_media":0,"parent":0,"menu_order":0,"comment_status":"closed","ping_status":"closed","template":"","meta":{"footnotes":""},"_links":{"self":[{"href":"http:\/\/eminatasoy.com\/index.php?rest_route=\/wp\/v2\/pages\/3677"}],"collection":[{"href":"http:\/\/eminatasoy.com\/index.php?rest_route=\/wp\/v2\/pages"}],"about":[{"href":"http:\/\/eminatasoy.com\/index.php?rest_route=\/wp\/v2\/types\/page"}],"author":[{"embeddable":true,"href":"http:\/\/eminatasoy.com\/index.php?rest_route=\/wp\/v2\/users\/1"}],"replies":[{"embeddable":true,"href":"http:\/\/eminatasoy.com\/index.php?rest_route=%2Fwp%2Fv2%2Fcomments&post=3677"}],"version-history":[{"count":11,"href":"http:\/\/eminatasoy.com\/index.php?rest_route=\/wp\/v2\/pages\/3677\/revisions"}],"predecessor-version":[{"id":12268,"href":"http:\/\/eminatasoy.com\/index.php?rest_route=\/wp\/v2\/pages\/3677\/revisions\/12268"}],"wp:attachment":[{"href":"http:\/\/eminatasoy.com\/index.php?rest_route=%2Fwp%2Fv2%2Fmedia&parent=3677"}],"curies":[{"name":"wp","href":"https:\/\/api.w.org\/{rel}","templated":true}]}}