{"id":3682,"date":"2015-01-09T18:24:26","date_gmt":"2015-01-09T18:24:26","guid":{"rendered":"http:\/\/eminatasoy.com\/?page_id=3682"},"modified":"2024-02-06T13:03:31","modified_gmt":"2024-02-06T13:03:31","slug":"3682-2","status":"publish","type":"page","link":"http:\/\/eminatasoy.com\/?page_id=3682","title":{"rendered":"Yurt D\u0131\u015f\u0131 Kitap B\u00f6l\u00fcmleri"},"content":{"rendered":"<ul>\n<li>Galay,. \u0130., <strong>Emin, Atasoy<\/strong>, (2013) <em>Consequences of the Chernobyl Nuclear Accident in Belarus<\/em>, The Sc\u0131ence and Educat\u0131on at the Beg\u0131nn\u0131ng of the 21<sup>st<\/sup> Century \u0131n Turkey, Editor: Aleksand\u0131r Drujinin, Zdravka Kostova, \u0130gor Sharuho, Emin Atasoy, Published by St. Kliment Ohridski University Press, Sofiya, Bulgaria, 2013, p. 898-915<\/li>\n<li>\u015een\u015fekerci, E., <strong>Emin, Atasoy<\/strong>, (2013) <em>The Development, Reliability and Validity of the Scale for Democracy in Family and School Environment<\/em>, The Science and Education at the Beginning of the 21 <sup>st<\/sup> Century in Turkey, Editor: Olga Strelova, \u0130lia Hristov, Kenan Mortan, Penka Peeva, R\u0131za Sam, Neslihan Sam, Elena Galay, Emin Atasoy, Volume: 3, Published by St. Kliment Ohridski University Press, Sofiya, Bulgaria, 2013, p. 665-66<\/li>\n<li>Kostova, Z., Vladimirova, <strong>Emin, Atasoy<\/strong><strong>\u00a0<\/strong>(2013) <em>Development of Environmental Literacy by \u0130nteractive Didactic Strategies, <\/em>The Sc\u0131ence and Educat\u0131on at the Beg\u0131nn\u0131ng of the 21<sup>st<\/sup> Century \u0131n Turkey, Editor: Aleksand\u0131r Drujinin, Zdravka Kostova, \u0130gor Sharuho, Emin Atasoy, Published by St. Kliment Ohridski University Press, Sofiya, Bulgaria, 2013, p. 366-383<\/li>\n<li><strong>Emin, Atasoy\u00a0<\/strong>and Soykan, A. \u201cThe Problems That Weaken The Geopolitical Rower of Russia at the Begining of XXI Century\u201d, Students Personal Development \u0131n Modern Education and Society (Vol. III), Blageovgrad and Sant Petersburg, ISBN 978-954-680-638-3, p. 291-313<\/li>\n<li><strong>Emin, Atasoy\u00a0<\/strong>and Soykan A. and Efe, R. \u201cThe Tur\u0131sm Potential and Problems \u0131n Bursa and Uludag\u201d, Students Personal Development \u0131n Modern Education and Society (Vol. III), Blageovgrad and Sant Petersburg, ISBN 978-954-680-638-3, p. 314-328<\/li>\n<li>Erlan Kab\u0131yev Zharas Berdenov, Gulzhan Dzhanaleeva, Erbolat Mendybayev, <strong>Emin Atasoy<\/strong> (2018), \u201cLandscape Ecological Analysis of the Modern Delta of the Ural (Zhayik) River\u201d,\u00a0 Science, Ecology and Engineering Research in the Globalizing World, Managing Editor Prof. Dr. Recep Efe<strong>, <\/strong>Published by St. Kliment Ohridski University Press, Sofiya, Bulgaria, pp. 9-28<\/li>\n<li>Gulnur Z. Mazhitova, Kulchikhan \u041c. Dzhanaleyeva, Banu B. Doskenova, <strong>\u0415min Atasoy<\/strong>, (2018) \u201cComprehensive Analysis Of Natural Agricultural Potential Of North Kazakhstan Region\u201d, Science, Ecology and Engineering Research in the Globalizing World, Managing Editor Prof. Dr. Recep Efe, Published by St. Kliment Ohridski University Press, Sofiya, Bulgaria, pp. 504-511<\/li>\n<li>Abdullah Soykan, <strong>Emin Atasoy<\/strong>, Hakan \u00d6nal (2018) \u201cThe Importance Of National Parks \u0130n the Development of Environmental Awareness and Environmental Education in Turkey\u201d Social Sciences Researches in the Globalizing World, Managing Editor Prof. Dr. Recep Efe, Published by St. Kliment Ohridski University Press, Sofiya, Bulgaria pp. 371-385<\/li>\n<li>Elif Alkar and Emin Atasoy (2021) <em>\u201cThe Role of Cultural Intelligence in Multicultural Education and Teacher Competencies\u201d<\/em>, Editors: Zdravka Blagoeva Kostova, Kaimuldinova Kulyash Duisenbaevna, Emin Atasoy and Bet\u00fcl Bat\u0131r, \u201c<em>Developments In Educat\u0131onal Sc\u0131ences\u201d,<\/em> Kliment Ohridski University Press Sofia, Sofia, p. 129 \u2013 139<\/li>\n<li>Alkar, E. &amp; Atasoy, E. (2022) <em>\u201cInternational Student Migration in the World and in Turkey\u201d, <\/em>Academic Researches and Studies in Sciences, Editors: Ranguelov, B. &amp; Efe, R. &amp; U\u011fuz, S. \u00c7., \u201cSt. Kliment Ohridski University Press\u201d, Sofia, Bulgaria, pp. 2 &#8211; 16<\/li>\n<li>Kara, T. &amp; Atasoy, E. (2022) <em>\u201cThe Importance of Social Participation Skills in Social Studies Education\u201d, <\/em>Academic Researches and Studies in Sciences, Editors: Ranguelov, B. &amp; Efe, R. &amp; U\u011fuz, S. \u00c7., \u201cSt. Kliment Ohridski University Press\u201d, Sofia, Bulgaria, pp, 32 &#8211; 48<\/li>\n<\/ul>\n","protected":false},"excerpt":{"rendered":"<p>Galay,. \u0130., Emin, Atasoy, (2013) Consequences of the Chernobyl Nuclear Accident in Belarus, The Sc\u0131ence and Educat\u0131on at the Beg\u0131nn\u0131ng of the 21st Century \u0131n Turkey, Editor: Aleksand\u0131r Drujinin, Zdravka Kostova, \u0130gor Sharuho, Emin Atasoy, Published by St. Kliment Ohridski University Press, Sofiya, Bulgaria, 2013, p. 898-915 \u015een\u015fekerci, E., Emin, Atasoy, (2013) The Development, Reliability [&hellip;]<\/p>\n","protected":false},"author":1,"featured_media":0,"parent":0,"menu_order":0,"comment_status":"closed","ping_status":"closed","template":"","meta":{"footnotes":""},"_links":{"self":[{"href":"http:\/\/eminatasoy.com\/index.php?rest_route=\/wp\/v2\/pages\/3682"}],"collection":[{"href":"http:\/\/eminatasoy.com\/index.php?rest_route=\/wp\/v2\/pages"}],"about":[{"href":"http:\/\/eminatasoy.com\/index.php?rest_route=\/wp\/v2\/types\/page"}],"author":[{"embeddable":true,"href":"http:\/\/eminatasoy.com\/index.php?rest_route=\/wp\/v2\/users\/1"}],"replies":[{"embeddable":true,"href":"http:\/\/eminatasoy.com\/index.php?rest_route=%2Fwp%2Fv2%2Fcomments&post=3682"}],"version-history":[{"count":8,"href":"http:\/\/eminatasoy.com\/index.php?rest_route=\/wp\/v2\/pages\/3682\/revisions"}],"predecessor-version":[{"id":12269,"href":"http:\/\/eminatasoy.com\/index.php?rest_route=\/wp\/v2\/pages\/3682\/revisions\/12269"}],"wp:attachment":[{"href":"http:\/\/eminatasoy.com\/index.php?rest_route=%2Fwp%2Fv2%2Fmedia&parent=3682"}],"curies":[{"name":"wp","href":"https:\/\/api.w.org\/{rel}","templated":true}]}}