{"id":3688,"date":"2015-01-09T18:28:52","date_gmt":"2015-01-09T18:28:52","guid":{"rendered":"http:\/\/eminatasoy.com\/?page_id=3688"},"modified":"2021-10-07T09:08:03","modified_gmt":"2021-10-07T09:08:03","slug":"yurt-disi-kitap-editorlukleri","status":"publish","type":"page","link":"http:\/\/eminatasoy.com\/?page_id=3688","title":{"rendered":"Yurt D\u0131\u015f\u0131 Kitap Edit\u00f6rl\u00fckleri"},"content":{"rendered":"<ul>\n<li>Editor: \u0130lia Hristov, Recep Efe,<strong> Emin, Atasoy<\/strong>, (2012) \u201cEducation and Science in a Globalizing World: a Case Study of Turkey\u201d, Published by Paradigma, Sofiya, Bulgaria<\/li>\n<\/ul>\n<ul>\n<li>Editor: Aleksand\u0131r Drujinin, Zdravka Kostova, \u0130gor Sharuho, <strong>Emin, Atasoy<\/strong>, (2013) \u201cThe Science and Education at the Beginning of the 21 <sup>st<\/sup> Century in Turkey\u201d, Published by St. Kliment Ohridski University Press, Sofiya, Bulgaria<\/li>\n<\/ul>\n<ul>\n<li>Editor: Recep Efe, Ordenbek Mazbaev, Zdravka Kostova, R\u0131za Sam, Neslihan Sam, Vedat \u00c7al\u0131\u015fkan, Mehmet Bayartan, <strong>Emin, Atasoy<\/strong>, (2013) \u201cThe Science and Education at the Beginning of the 21 <sup>st<\/sup> Century in Turkey\u201d, Volume: 2, Published by St. Kliment Ohridski University Press, Sofiya, Bulgaria<\/li>\n<\/ul>\n<ul>\n<li>Editor: Olga Strelova, \u0130lia Hristov, Kenan Mortan, Penka Peeva, R\u0131za Sam, Neslihan Sam, Elena Galay, <strong>Emin, Atasoy<\/strong>,\u00a0 (2013) \u201cThe Science and Education at the Beginning of the 21 <sup>st<\/sup> Century in Turkey\u201d, Volume: 3, Published by St. Kliment Ohridski University Press, Sofiya, Bulgaria<\/li>\n<\/ul>\n<ul>\n<li>Recep Efe, T\u00fcz\u00fcn Onay, \u0130gor Sharuho<strong>, Emin, Atasoy<\/strong>,\u00a0 (2014) \u201cUrban and Urbanzation\u201d, Published by St. Kliment Ohridski University Press, Sofiya, Bulgaria<\/li>\n<\/ul>\n<ul>\n<li>Recep Efe, Neslihan Sam R\u0131za Sam, Edurdas Sp\u0131r\u0131ajevas, Elena Galay, <strong>Emin, Atasoy<\/strong>,\u00a0 (2014) \u201cCities in the Globalizing World and Turkey: A Theoretical and Empirical Perspektive\u201d, Published by St. Kliment Ohridski University Press, Sofiya, Bulgaria<\/li>\n<\/ul>\n<ul>\n<li>Kenan Mortan, \u0130lia Hristov, Olga Strelova, Zdravka Kostova,<strong> Emin, Atasoy<\/strong>,\u00a0 (2014) \u201cThe Science and Education at the Beginning of the 21 <sup>st<\/sup> Century in Turkey\u201d, Volume: 3, Published by St. Kliment Ohridski University Press, Sofiya, Bulgaria<\/li>\n<\/ul>\n<ul>\n<li>Irina Koleva, Recep Efe, Zdravka B. Kostova,<strong> Emin Atasoy <\/strong>(2015) \u201cEducation at the Beginning of The 21<sup> st<\/sup>\u00a0 Century\u201d, Published by St. Kliment Ohridski University Press, Sofiya, Bulgaria<\/li>\n<\/ul>\n<ul>\n<li>Recep Efe, Irina Koleva,<strong> Emin Atasoy, <\/strong>Isa C\u00fcrebal (2016) \u201cDevelopments in Educational Sciences\u201d, Published by St. Kliment Ohridski University Press, Sofiya, Bulgaria<\/li>\n<\/ul>\n<ul>\n<li><strong>Emin Atasoy, <\/strong>Recep Efe, Iwona Jazdzewska, H\u00fclya Yald\u0131r (2016) \u201cCurrent Advances in Education\u201d, Published by St. Kliment Ohridski University Press, Sofiya, Bulgaria<\/li>\n<li>Recep Efe, \u0130rina Koleva, <strong>Emin Atasoy<\/strong>, Violeta Kotseva (2017) \u201cCurrent Trends in Educational Sciences\u201d, Published by St. Kliment Ohridski University Press, 2017, Sofiya, Bulgaria<\/li>\n<li>Recep Efe, Irina Koleva, <strong>Emin Atasoy<\/strong>, (2018) \u201cRecent Researches in Education\u201d, Cambridge Scolars Publishing, UK<\/li>\n<li>Irina Koleva, Handan A. Ba\u015fal, M\u00fcmin Tufan, <strong>Emin Atasoy<\/strong>,\u00a0 (2018) \u201cEducational Sciences Research in the Globalizing World\u201d, Managing Editor Prof. Dr. Recep Efe, Published by St. Kliment Ohridski University Press, Sofiya, Bulgaria<\/li>\n<li>Zdravka Blagoeva Kostova, Kaimuldinova Kulyash Duisenbaevna, Emin Atasoy and Bet\u00fcl Bat\u0131r (2021) \u201c<em>Developments In Educat\u0131onal Sc\u0131ences\u201d,<\/em> Kliment Ohridski University Press Sofia, Sofia<\/li>\n<\/ul>\n<p><strong>DERG\u0130 ED\u0130T\u00d6RL\u00dcKLER\u0130<\/strong><\/p>\n<ul>\n<li>Efe, <strong>E, Atasoy,<\/strong> S. \u0130vanov, M. Boneva, (2016) \u201cOx\u0131dat\u0131on processes and human health-impact on pollutants removal from atmhosphere, water and so\u0131l\u201d, Spec\u0131al Issue Journal Oxidation Communications, Volume: 39, Issue: 1 &#8211; II, 2016<\/li>\n<\/ul>\n","protected":false},"excerpt":{"rendered":"<p>Editor: \u0130lia Hristov, Recep Efe, Emin, Atasoy, (2012) \u201cEducation and Science in a Globalizing World: a Case Study of Turkey\u201d, Published by Paradigma, Sofiya, Bulgaria Editor: Aleksand\u0131r Drujinin, Zdravka Kostova, \u0130gor Sharuho, Emin, Atasoy, (2013) \u201cThe Science and Education at the Beginning of the 21 st Century in Turkey\u201d, Published by St. Kliment Ohridski University [&hellip;]<\/p>\n","protected":false},"author":1,"featured_media":0,"parent":0,"menu_order":0,"comment_status":"closed","ping_status":"closed","template":"","meta":{"footnotes":""},"_links":{"self":[{"href":"http:\/\/eminatasoy.com\/index.php?rest_route=\/wp\/v2\/pages\/3688"}],"collection":[{"href":"http:\/\/eminatasoy.com\/index.php?rest_route=\/wp\/v2\/pages"}],"about":[{"href":"http:\/\/eminatasoy.com\/index.php?rest_route=\/wp\/v2\/types\/page"}],"author":[{"embeddable":true,"href":"http:\/\/eminatasoy.com\/index.php?rest_route=\/wp\/v2\/users\/1"}],"replies":[{"embeddable":true,"href":"http:\/\/eminatasoy.com\/index.php?rest_route=%2Fwp%2Fv2%2Fcomments&post=3688"}],"version-history":[{"count":9,"href":"http:\/\/eminatasoy.com\/index.php?rest_route=\/wp\/v2\/pages\/3688\/revisions"}],"predecessor-version":[{"id":11775,"href":"http:\/\/eminatasoy.com\/index.php?rest_route=\/wp\/v2\/pages\/3688\/revisions\/11775"}],"wp:attachment":[{"href":"http:\/\/eminatasoy.com\/index.php?rest_route=%2Fwp%2Fv2%2Fmedia&parent=3688"}],"curies":[{"name":"wp","href":"https:\/\/api.w.org\/{rel}","templated":true}]}}