{"id":3698,"date":"2015-01-09T18:42:20","date_gmt":"2015-01-09T18:42:20","guid":{"rendered":"http:\/\/eminatasoy.com\/?page_id=3698"},"modified":"2025-03-02T14:44:45","modified_gmt":"2025-03-02T14:44:45","slug":"yurt-disi-makalelerim","status":"publish","type":"page","link":"http:\/\/eminatasoy.com\/?page_id=3698","title":{"rendered":"Yurt D\u0131\u015f\u0131 Makalelerim"},"content":{"rendered":"\n<ul>\n<li>Galay, E., <strong>Emin, Atasoy<\/strong><strong>,<\/strong> Jakupov, A., Mazbaev, O. (2014) \u201c<em>National park of the Republic of Belarus<\/em>\u201d Oxidation Communications, Volume: 37, Issue: 2. Pages: 619-644<\/li>\n<\/ul>\n\n\n\n<p><\/p>\n\n\n\n<ul>\n<li>Onay, T. Arslan, M. <strong>Emin, Atasoy<\/strong>\u00a0 (2014)\u00a0<em>\u201cDetermination of Metals, Carbon and Nitrogen Content in the Sediments of the Black Sea\u201d<\/em>, Oxidation Communications, Volume: 37, Issue: 3, Pages: 853-870<\/li>\n<\/ul>\n\n\n\n<p><\/p>\n\n\n\n<ul>\n<li>Zhakupov,\u00a0 A. A. <strong>Emin, Atasoy<\/strong>, Galay E. \u00a0 \u00a0(2014)\u00a0 <em>\u201cAn Evaluation of Recreational Potential of BSNP in Order to Increase the Touristic Image of the Pavlodar Region\u201d <\/em>Volume: 37, Issue: 3, Pages: 871-881<\/li>\n<\/ul>\n\n\n\n<p><\/p>\n\n\n\n<ul>\n<li><strong>Emin, Atasoy<\/strong>\u00a0(2014) \u201c<em>Milestones In Environmental Education For Sustainable Development<\/em>\u201d, Oxidation Communications, Volume: 37, Issue: 4,\u00a0 Pages: 1111-1124<\/li>\n<\/ul>\n\n\n\n<p><\/p>\n\n\n\n<ul>\n<li>Toteva, D. <strong>Emin, Atasoy<\/strong><strong>\u00a0<\/strong>(2014) \u201c<em>Eco Governance<\/em> <em>in Viticulture in Bulgaria<\/em>\u201d, Oxidation Communications, Volume: 37, Issue: 4, \u00a0Pages: 1083-1089<\/li>\n<\/ul>\n\n\n\n<p><\/p>\n\n\n\n<ul>\n<li><strong>Emin, Atasoy,<\/strong> (2015) <em>\u201c<\/em><em>Geo-ecolog\u0131cal state of M\u0131nsk env\u0131ronment<\/em>\u201d, Oxidation Communications, Volume: 38, Issue: 1 \u00a0(Yay\u0131na kabul edilmi\u015ftir)<\/li>\n<\/ul>\n\n\n\n<p><\/p>\n\n\n\n<ul>\n<li>Galay, E., <strong>Emin, Atasoy<\/strong><strong>,<\/strong> (2013) <em>Ecological State of Open Air in Minsk Region<\/em>, Journal of Balkan Ecology, Vol: 16 No: 2, Sofya, Bulgaria, 2013, p. 191-200<\/li>\n<\/ul>\n\n\n\n<p><\/p>\n\n\n\n<ul>\n<li>Efe R. , <strong>Emin, Atasoy<\/strong><strong>,<\/strong> C\u00fcrebal \u0130., S\u00f6nmez S., Soykan A., (2013) \u201cRelationship Between Ecological Properties and Vegetation Types of Southern Part of the Kaz Mountains (Western Turkey)\u201d, Journal of Balkan Ecology, Sofya, Bulgaria<\/li>\n<\/ul>\n\n\n\n<p><\/p>\n\n\n\n<ul>\n<li><strong>Emin, Atasoy<\/strong>, (2013) <em>Urbanizatsiyata v Republikanskiya Period na Turtsiya: Osobenosti, Regionalni Razli\u00e7iya i Problemi,<\/em> Academ\u0131c Journal Management and Educat\u0131on, Vol. IX (4), Un\u0131vers\u0131ty \u201cProf. Dr. Assen Zlatarov\u201d, Burgas, Bulgaria,\u00a0 2013, p. 35-45<\/li>\n<\/ul>\n\n\n\n<p><\/p>\n\n\n\n<ul>\n<li>Efe, R., Soykan, A., C\u00fcrebal, \u0130., <strong>Emin, Atasoy<\/strong>, S\u00f6nmez, S., (2012) <em>Ecological Conditions and Distribution of Vegetation on Southern Slopes of Kaz Mountain, Turkey<\/em>, Journal of Balkan Ecology, Vol: 15 No: 4, Sofya, Bulgaria, 2012, p. 373-382<\/li>\n<\/ul>\n\n\n\n<p><\/p>\n\n\n\n<ul>\n<li>Soykan, A. <strong>Emin, Atasoy<\/strong><strong>\u00a0<\/strong>Kostova, Z., (2012) \u00a0\u201cHistorical Development of Environmental Education in Bulgaria\u201d Journal of Environmental Biology, Volume 33, Number 02, April 2012, \u0130ndia, p. 499-508<\/li>\n<\/ul>\n\n\n\n<p><\/p>\n\n\n\n<ul>\n<li>Oban, R and <strong>Emin, Atasoy<\/strong><strong>\u00a0<\/strong>(2011), \u201cThe importance of church graves in terms of cultural tourism: a case study from Buca\u201d Academ\u0131c Journal Management and Educat\u0131on, Vol. 3, p. 24-31, Un\u0131vers\u0131ty \u201cProf. Dr. Assen Zlatarov\u201d, Bourgaz, \u00a0Bulgaria<\/li>\n<\/ul>\n\n\n\n<p><\/p>\n\n\n\n<ul>\n<li><strong>Emin, Atasoy\u00a0<\/strong>and Oban, R (2011), \u201cEcoturism and environment education\u201d, Academ\u0131c Journal Management and Educat\u0131on, Vol. 3, p. 131-138, Un\u0131vers\u0131ty \u201cProf. Dr. Assen Zlatarov\u201d, Bourgaz, Bulgaria<\/li>\n<\/ul>\n\n\n\n<p><\/p>\n\n\n\n<ul>\n<li><strong>Emin, Atasoy\u00a0<\/strong>and Gulum, K. and Soykan (2011), A. \u201cWhat kind of world regional geography education shoud we target in universities of the twenty-f\u0131rst century?\u201d Academ\u0131c Journal Management and Educat\u0131on, Vol. 3, p. 139-146, Un\u0131vers\u0131ty \u201cProf. Dr. Assen Zlatarov\u201d, Bourgaz, Bulgaria<\/li>\n<\/ul>\n\n\n\n<p><\/p>\n\n\n\n<ul>\n<li><strong>Emin, Atasoy\u00a0<\/strong>(2010) \u201cGeographic, Demographic and Economic Potential of Turkey\u201d, Academ\u0131c Journal Management and Educat\u0131on, Vol. 6, p. 156\u2013162 <em>Un\u0131vers\u0131ty \u201cProf. Dr. Assen Zlatarov\u201d<\/em>, Burgas, Bulgaria<\/li>\n<\/ul>\n\n\n\n<p><\/p>\n\n\n\n<ul>\n<li><strong>Emin, Atasoy\u00a0<\/strong>(2009) &#8220;Eight Grade Students Associations of Geographical and Environmental Concepts (A Comparative Study Between Turkey and Bulgaria)&#8221;, The New Educational Review, Poland, Vol. 17, No. 1, p. 102- 124<\/li>\n<\/ul>\n\n\n\n<p><\/p>\n\n\n\n<ul>\n<li><strong>Emin, Atasoy\u00a0<\/strong>(2009) \u201cEkologishnata Nravstvenost v Ekologishnoto Vazpitanie na Detsata\u201d, Ecological Engineering and Environment Protection, Vol. 3-4, p. 50-56, Sofya, \u00a0Bulgaria<\/li>\n<\/ul>\n\n\n\n<p><\/p>\n\n\n\n<ul>\n<li>Kostova, Z. and <strong>Emin, Atasoy<\/strong><strong>\u00a0<\/strong>(2009), \u201cStudents Self-Esteem Of Environmental Knowledge\u201d, Biotechnology&amp;Biotechnologikal Equipment, \u00a0Volume 23, Number 2, p. 63-66<\/li>\n<\/ul>\n\n\n\n<p><\/p>\n\n\n\n<ul>\n<li><strong>Emin, Atasoy\u00a0<\/strong>(2009) &#8220;Eight Grade Students Associations of Geographical and Environmental Concepts (A Comparative Study Between Turkey and Bulgaria)&#8221;, The New Educational Review, Poland, Vol. 17, No. 1, p. 102- 124<\/li>\n<\/ul>\n\n\n\n<p><\/p>\n\n\n\n<ul>\n<li>Kostova, Zdravka and <strong>Emin, Atasoy<\/strong><strong>\u00a0<\/strong>(2008) \u201cEnvironmental Culture of 8th Grade Students in Bulgaria and Turkey\u201d, Bulgarian Journal of Science and Education Policy (BJSEP), Volume 2, Number 1, p. 25\u201350<\/li>\n<\/ul>\n\n\n\n<p><\/p>\n\n\n\n<ul>\n<li>\u015eent\u00fcrk, Aysan and <strong>Emin, Atasoy<\/strong><strong>\u00a0<\/strong>(2008) \u201cComparison of the Accuracy of the Human Development Index with a Discriminant Analysis in the Measurement of Human Development\u201d, Ekonomic Studies<strong>, <\/strong>\u0130nstitute of Economics at Bulgarian Academy of Sciences, Vol. XVII, No 2, p. 91\u2013101<\/li>\n<\/ul>\n\n\n\n<p><\/p>\n\n\n\n<ul>\n<li>Kostova, Zdravka and <strong>Emin, Atasoy<\/strong><strong>\u00a0<\/strong>(2008) \u201cEnvironmental Conciousness- Regulating Factor of Behavior\u201d, Strateg\u0131es For Pol\u0131sy In Sc\u0131ence And Educat\u0131on, Vol: XVI, No: 1, p. 30\u201347<\/li>\n<\/ul>\n\n\n\n<p><\/p>\n\n\n\n<ul>\n<li>Kostova, Zdravka and <strong>Emin, Atasoy<\/strong><strong>, <\/strong>(2007) \u201e\u201fObrazovanie za Ustoy\u00e7ivo Razvitie\u201f\u201f,\u201cPedagogika\u201d (Pedagoji Dergisi), Cilt: XVII, Say\u0131: 8, p. 3\u201315, Sofya, Bulgari\u0430.<\/li>\n<\/ul>\n\n\n\n<p><\/p>\n\n\n\n<ul>\n<li>Kostova, Zdravka and <strong>Emin, Atasoy<\/strong><strong>\u00a0<\/strong>(2008) \u201cMethods of Successful Learning in Environmental Education\u201d, Journal of Theory and Practice in Education, \u00c7anakkale Onsekiz Mart University Faculty of Education Research Journal, Vol: 4, No: 1, p. 49-78<\/li>\n<\/ul>\n\n\n\n<p><\/p>\n\n\n\n<ul>\n<li>Kostova, Zdravka and <strong>Emin, Atasoy<\/strong><strong>, <\/strong>(2007) <strong>\u201c<\/strong>Ecological Consc\u0131ousness-A Behav\u0131or Regulat\u0131ng Factor\u201d<strong>, <\/strong>Academ\u0131c Journal Management and Educat\u0131on, Vol. 2, p. 98\u2013105, Un\u0131vers\u0131ty \u201cProf. Dr. Assen Zlatarov\u201d, Bourgaz, Bulgaria.<\/li>\n<\/ul>\n\n\n\n<p><\/p>\n\n\n\n<ul>\n<li><strong>Emin, Atasoy\u00a0<\/strong>(2007) \u201cAnalysis and Structuring of Terms in the Core \u201cBiosphere\u201d in Bulgaria and Turkey Textbooks\u201d, Journal of Balkan Ecology<strong>, <\/strong>Vol. 10 No: 1 p. 83-92<\/li>\n<\/ul>\n\n\n\n<p><\/p>\n\n\n\n<ul>\n<li><strong>Emin, Atasoy\u00a0<\/strong>(2007) \u201cTselii osobenosti i problemi na Osnovnoto Obrazovanie v Republika Turtsiya\u201d \u201cPedagogika\u201d (Pedagoji Dergisi), Cilt: XVII, Say\u0131:4, p. 76\u201387, Sofya, Bulgaristan.<\/li>\n<\/ul>\n\n\n\n<p><\/p>\n\n\n\n<ul>\n<li>Ba\u015fal, A Do\u011fan Y. and <strong>Emin, Atasoy<\/strong><strong>\u00a0<\/strong>(2007) \u201cDeveloping Environmental Sensitivity For Children Scale: Reliability and Validity Studies\u201d, Journal of Biological&amp;Environmental Sciences, Vol. 1, No 2, p. 99\u2013104<\/li>\n<\/ul>\n\n\n\n<p><\/p>\n\n\n\n<ul>\n<li><strong>Emin, Atasoy\u00a0<\/strong>(2007) \u201cEkologi\u00e7nata Etika v Ekologi\u00e7noto Vazpitanie\u201d, <strong>\u201c<\/strong>Ekologiya, Biologiya i Biotehnologiya\u201d, (Ekoloji, Biyoloji ve Bioteknoloji Dergisi), Cilt: XVI, say\u0131 1, p. 50\u201362, Sofya, Bulgaristan.<\/li>\n<\/ul>\n\n\n\n<p><\/p>\n\n\n\n<ul>\n<li><strong>Emin, Atasoy\u00a0<\/strong>(2007) \u201cPredu\u00e7ilishtnoto obrazovanie v Republika Turtsiya\u201d, &#8220;Preduchilichno Vaspitanie&#8221; (Okul\u00f6ncesi E\u011fitimi Dergisi), Cilt: LV, say\u0131 4, p. 13\u201316, Sofya, Bulgaristan.<\/li>\n<\/ul>\n\n\n\n<p><\/p>\n\n\n\n<ul>\n<li><strong>Emin, Atasoy, <\/strong>(2006) <strong>\u201c<\/strong>Environmental Educat\u0131on in the Nat\u0131onal Park Uludag\u2013Bursa\u201d<strong>, <\/strong>Academ\u0131c Journal Management and Educat\u0131on, Vol. 2, p. 94\u201397 Un\u0131vers\u0131ty \u201cProf. Dr. Assen Zlatarov\u201d, Bourgaz, Bulgaria.<\/li>\n<\/ul>\n\n\n\n<p><\/p>\n\n\n\n<ul>\n<li><strong>Emin, Atasoy\u00a0<\/strong>(2006) \u201e\u201fObrazovatelnata Sistema i \u041ebu\u00e7enieto po \u0130storiya v Republika Turtsiya\u201d, \u201cDialogat v \u0130stor\u0131yata\u201d (Tarihte Diyalog Dergisi), say\u0131 15, p. 23\u201337, Sofya, Bulgaristan.<\/li>\n<\/ul>\n\n\n\n<p><\/p>\n\n\n\n<ul>\n<li><strong>Emin, Atasoy\u00a0<\/strong>(2006) \u201cGeopoliti\u00e7eski aspekti na Turskata energetika\u201d, \u201cGeopolitika\u201d (Jeopolitik Dergisi), Say\u0131 6, p. 134\u2013142, Sofya, Bulgaristan<\/li>\n<\/ul>\n\n\n\n<p><\/p>\n\n\n\n<ul>\n<li><strong>Emin, Atasoy\u00a0<\/strong>(2006) \u201cRolyata i Myastoto na Ekologi\u00e7noto Vazpitanie vav Vzaimootno\u015feniyata Mejdu Deteto i Prirodata\u201d, \u201cPedagogika\u201d (Pedagoji Dergisi), Cilt: XVI, Say\u0131: 11, p. 72\u201388, Sofya, Bulgaristan.<\/li>\n<\/ul>\n\n\n\n<p><\/p>\n\n\n\n<ul>\n<li>Efe, R., <strong>Emin Atasoy,<\/strong> Soykan. A. (2015) \u201cAntropogenic Impact on Kazdag Ecosystem in the Period of an Antropocene\u201d, \u201cActual Problems of Geoecology and Landscape Sc\u0131ens\u201d, The Belarussian State Un\u0131vers\u0131ty, The Faculty of Geography, Collection of Scientific Art\u0131cles, Issue 2, Minsk, 2015, pp. 55-58<\/li>\n<\/ul>\n\n\n\n<p><\/p>\n\n\n\n<ul>\n<li>M. Belgibaev, O. Mazbaev, K. Saparov, B. Asubaev,<strong> Emin Atasoy<\/strong> (2014)<em> \u201cOrigin and Preservation of Irtysh Relic Pine Forest of Kazakhstan\u201d<\/em> Journal of Balkan Ecology, Sofya, Bulgaria, Volume: 17, No: 2, p. 153-159<\/li>\n<\/ul>\n\n\n\n<p><\/p>\n\n\n\n<ul>\n<li>Galay, E., <strong>Emin Atasoy,<\/strong> (2013) <em>Ecological State of Open Air in Minsk Region<\/em>, Journal of Balkan Ecology, Vol: 16 No: 2, Sofya, Bulgaria, 2013, p. 191-200<\/li>\n<\/ul>\n\n\n\n<p><\/p>\n\n\n\n<ul>\n<li><strong>Emin Atasoy<\/strong>, (2013) <em>Urbanizatsiyata v Republikanskiya Period na Turtsiya: Osobenosti, Regionalni Razli\u00e7iya i Problemi,<\/em> Academ\u0131c Journal Management and Educat\u0131on, Vol. IX (4), Un\u0131vers\u0131ty \u201cProf. Dr. Assen Zlatarov\u201d, Burgas, Bulgaria,\u00a0 2013, p. 35-45<\/li>\n<\/ul>\n\n\n\n<p><\/p>\n\n\n\n<ul>\n<li>Izenbayev, O. Mazbayev, A. Saiken, B. Tasbolat, <strong>E.\u00a0Atasoy<\/strong> (2016) \u201cThe Great Silk Road as a Factor of Development of the Tourism Industry\u201d, Oxidation Communications. Volume: 39, Issue: 2, p. 368-377<\/li>\n<\/ul>\n\n\n\n<p><\/p>\n\n\n\n<ul>\n<li>Yeginbayeva A. E., K. Saparov, A. Rakisheva, <strong>E. Atasoy<\/strong>. (2016) \u00a0\u201cToponymy of flatlands of Kazakhstan\u201d, Marmara Co\u011frafya Dergisi, Sayi: 33, Ocak &#8211; 2016, S. 641-655. &#8211; \u0422urkey, \u0130stanbul \u2013 ISSN:1303-2429 E-ISSN 2147-7825.<\/li>\n<\/ul>\n\n\n\n<p><\/p>\n\n\n\n<ul>\n<li>Zhakupov A. A., Mazbaev O. B., Musabaeva M.N., <strong>E. Atasoy <\/strong>(2016). \u00a0\u00ab<em>Recreational Landscape System Of The North-Eastern Part Of Kazakhstan\u00bb.<\/em> Oxidation Communications. Volume: 39, Issue: 1, p. 378-383.<\/li>\n<\/ul>\n\n\n\n<p><\/p>\n\n\n\n<ul>\n<li>Zhakupov A. A., Mazbaev O. B., Musabaeva M.N., <strong>E. Atasoy<\/strong> (2016).\u00a0 \u00abRecreational landscape system of the north-eastern part of Kazakhstan. Oxidation Communications. Volume: 38, Issue: 4.<\/li>\n<\/ul>\n\n\n\n<p><\/p>\n\n\n\n<ul>\n<li>Zharas Galimzhanovich Berdenov, <strong>\u0415<\/strong><strong>min Atasoy<\/strong>, Erbolat Hamzinowicz Mendybayev, Gulschat Ataeva, Jan A.Wendt. (2016) \u201cGeosystems geoecological assessment of the basin of rivers for tourist valorization. Case study of ilek river basin\u201d, GeoJournal of Tourism and Geosites. Year IX, ISSN: 2065-0817 E-ISSN: 2065-1198 2016 \/ 2, Volume 18, \u00a0Oradea, Romania.<\/li>\n<\/ul>\n\n\n\n<p><\/p>\n\n\n\n<ul>\n<li>K. Saparov, Yeginbayeva A. E., <strong>E. Atasoy<\/strong> (2016) \u201cEtymological Features of Irtysh River in Pavlodar Region, Kazakhstan\u201d, Journal of Balkan Ecology. &#8211; Bulgaria, Sofia. PublishScieSet-Eco Publisher. ISSN 1311-0527. &#8211; Vol.19, &#8211; No 1, 2016. \u2013 \u0420. 91-95.<\/li>\n<\/ul>\n\n\n\n<ul>\n<li>&nbsp;<strong>E. \u0410tasoy<\/strong>, &nbsp;\u041a.T. Saparov, \u0410. \u0415. Yeginbayeva. (2016) \u201c\u041d\u0430\u0446\u0438\u043e\u043d\u0430\u043b\u044c\u043d\u044b\u0435 \u043f\u0430\u0440\u043a\u0438 \u041f\u043e\u043b\u044c\u0448\u0438\u201d. \u041c\u0435\u0436\u0434\u0443\u043d\u0430\u0440\u043e\u0434\u043d\u044b\u0439 \u043d\u0430\u0443\u0447\u043d\u043e-\u043c\u0435\u0442\u043e\u0434\u0438\u0447\u0435\u0441\u043a\u0438\u0439, \u043f\u0435\u0434\u0430\u0433\u043e\u0433\u0438\u0447\u0435\u0441\u043a\u0438\u0439 \u0436\u0443\u0440\u043d\u0430\u043b, \u201cEurasian Education\u201d, Semey Kazahstan: Erudit Group, 2016. &#8211; \u21167-8, p. 21-26<br><br><\/li>\n\n\n\n<li>&nbsp;<strong>\u0415. \u0410tasoy<\/strong>, \u041cazbaev \u041e. B., Izenbayev B. J., Raki\u015feva \u0410. K. (2016) &nbsp;\u201c\u0417\u0430\u043c\u043a\u0438 \u0438 \u0434\u0432\u043e\u0440\u0446\u044b \u041f\u043e\u043b\u044c\u0448\u0438.\u201d \u041d\u0430\u0443\u0447\u043d\u044b\u0439 \u0436\u0443\u0440\u043d\u0430\u043b \u00ab\u0412\u0435\u0441\u0442\u043d\u0438\u043a \u041f\u0413\u0423\u00bb. \u2013 \u041f\u0430\u0432\u043b\u043e\u0434\u0430\u0440: \u041a\u0435\u0440\u0435\u043a\u0443, 2016. &#8211; \u21163<br><br><\/li>\n\n\n\n<li>Berdenov, J. G., Djanaleeva, G. M., Medibayev, E. H., Ataeva, G., <strong>Atasoy, E<\/strong>. <em>\u201dLandshaftno-Geohimisheskiy Analiz Promishlenih Gorodov<\/em>\u201d, Vestnik Kaz NRTU, No 1 (119), Ocak 2017, Almat\u0131, Kazahstan<br><br><\/li>\n\n\n\n<li>Hakan \u00d6nal, Selahi Co\u015fkun, <strong>Emin Atasoy<\/strong> (2018) Content, Significance and Global Role of World Regional Geography in the Framework of Pedagogical Perspective, Bulgarian Educational Journal Strategies for Policy in Science and Education<strong>, <\/strong>Volume 26, Number 1, 2018<br><br><\/li>\n\n\n\n<li>Dzhanaleyeva, G. Mazhitova, A. Zhanguzhina, Z. Berdenov, T. Bazarbayeva, <strong>E. Atasoy<\/strong>, (2017) <em>\u201cTechnogenesis of Ecoecological Systems of Northern Kazakhsstan: Progress, Development and Evolution<\/em>\u201d, Chemistry: Bulgarian Journal of Science Education, Volume: 26, Number: 6, s. 903-921<br><br><\/li>\n<\/ul>\n\n\n\n<ul>\n<li>Dana M\u0131h\u0131nc\u0103u A, Dorina Camelia Il\u0131e\u0219 B, Jan Wendt C, Alexandru Il\u0131e\u0219 D, Emin Atasoy E, Paul Szabo-Alex\u0131 F, Florin Marcu G, Adina Victoria Albu H, Grigore Vasile Herman (2019) \u201c<em>Invest\u0131gat\u0131ons On A\u0131r Qual\u0131ty In A School<\/em>\u201d, Journal Of&nbsp; Fol\u0131a Geograph\u0131ca, Volume 61, No. 2, 190\u2013204<br><br><\/li>\n\n\n\n<li>\u0410. Chashina, N. \u0415. Ramazanova, \u0415. \u0410tasoy (2020) \u201c<em>Features Of Structural Organ\u0131zat\u0131on Of Land Use Of Arable Land In The West Kazakhstan Reg\u0131on\u201d<\/em>,&nbsp; \u201cIssues Of Geography And Geoecology\u201d, Llc \u201cThe Inst\u0131tute Of Geography\u201d, Jsc \u201cNat\u0131onal&nbsp; Sc\u0131ent\u0131f\u0131c And Technolog\u0131cal Hold\u0131ng \u201cParasat\u201d, July \u2013 September&nbsp; 2020, ISSN 1998 \u2013 7838, p. 43-53<br><br><\/li>\n\n\n\n<li>Chashina, N. Ramazanova, E. Atasoy (2021) <em>\u201cAnalys\u0131s Of The State Of Plant Cover Of The Berezovka R\u0131ver Bas\u0131n Of The West-Kazakhstan Reg\u0131on Based On Ndv\u0131\u201d, <\/em>Journal of Geography and Environmental Management, Publisher<br>&#8220;Al-Farab\u0131 Kazakh Nat\u0131onal Un\u0131vers\u0131ty&#8221;, Almaty, Kazakhstan<br><br><\/li>\n\n\n\n<li>Yeginbayeva A. &amp; Atasoy, E. &amp; Keikin E.K. (2023). \u201e<em>Geographical bases of the Formation of Toponyms of Saryarka\u201d<\/em>, BULLETIN of the L. N. Gumilyov Eurasian National University, Chemistry. Geography. Ecology Series, Vol. 144,&nbsp; No 3, Astana, Kazahstan<br><br><\/li>\n\n\n\n<li>Atasoy Emin &amp; Avgusthanova G. &amp; Zhensikbayeva &amp; Aitkozhina S. &amp; Maulenova N. (2024) <em>\u201cFormat\u0131on of Sc\u0131ent\u0131f\u0131c Research and Project Act\u0131v\u0131t\u0131es Among Students of Grades 6 In Geography Lessons\u201d, <\/em>Scientific Publications Kazakh National Pedagogical University Abai, Series \u00abPedagogical Sciences\u00bb, <em>\u21163 (83), 2024, <\/em><a href=\"https:\/\/doi.org\/10.51889\/2959-5762.2024.83.3.026\">https:\/\/doi.org\/10.51889\/2959-5762.2024.83.3.026<\/a><br><br><\/li>\n\n\n\n<li>Seraliyev A.B. &amp; Mazbayev O.B. &amp; Aliaskarov D.T. &amp; Atasoy E. (2024) <em>\u201cThe Methodological Basis For Teaching the Concept of Diversification in the Geography Curriculum\u201d,&nbsp; <\/em>Scientific and Pedagogical Journal \u00abBilim\u00bb of the Y. Altynsarin National Academy of Education, Vol: 110, No: 3 p. 84 \u2013 97<\/li>\n<\/ul>\n","protected":false},"excerpt":{"rendered":"","protected":false},"author":1,"featured_media":0,"parent":0,"menu_order":0,"comment_status":"closed","ping_status":"closed","template":"","meta":{"footnotes":""},"_links":{"self":[{"href":"http:\/\/eminatasoy.com\/index.php?rest_route=\/wp\/v2\/pages\/3698"}],"collection":[{"href":"http:\/\/eminatasoy.com\/index.php?rest_route=\/wp\/v2\/pages"}],"about":[{"href":"http:\/\/eminatasoy.com\/index.php?rest_route=\/wp\/v2\/types\/page"}],"author":[{"embeddable":true,"href":"http:\/\/eminatasoy.com\/index.php?rest_route=\/wp\/v2\/users\/1"}],"replies":[{"embeddable":true,"href":"http:\/\/eminatasoy.com\/index.php?rest_route=%2Fwp%2Fv2%2Fcomments&post=3698"}],"version-history":[{"count":19,"href":"http:\/\/eminatasoy.com\/index.php?rest_route=\/wp\/v2\/pages\/3698\/revisions"}],"predecessor-version":[{"id":12303,"href":"http:\/\/eminatasoy.com\/index.php?rest_route=\/wp\/v2\/pages\/3698\/revisions\/12303"}],"wp:attachment":[{"href":"http:\/\/eminatasoy.com\/index.php?rest_route=%2Fwp%2Fv2%2Fmedia&parent=3698"}],"curies":[{"name":"wp","href":"https:\/\/api.w.org\/{rel}","templated":true}]}}