{"id":3702,"date":"2015-01-09T18:57:15","date_gmt":"2015-01-09T18:57:15","guid":{"rendered":"http:\/\/eminatasoy.com\/?page_id=3702"},"modified":"2025-03-02T14:47:17","modified_gmt":"2025-03-02T14:47:17","slug":"ssci-sci-yayinlarim","status":"publish","type":"page","link":"http:\/\/eminatasoy.com\/?page_id=3702","title":{"rendered":"SSCI ve Scopus Dergilerdeki Yay\u0131nlar\u0131m"},"content":{"rendered":"<ul>\n<li><strong>Emin, Atasoy\u00a0<\/strong>(2009) <em>&#8220;Eight Grade Students Associations of Geographical and Environmental Concepts (A Comparative Study Between Turkey and Bulgaria)<\/em>&#8220;, The New Educational Review, Poland, Vol. 17, No. 1, Pages: 102- 124<\/li>\n<\/ul>\n<ul>\n<li>Soykan, A. <strong>Emin, Atasoy<\/strong><strong>\u00a0<\/strong>Kostova, Z., (2012) \u00a0<em>\u201cHistorical Development of Environmental Education in Bulgaria\u201d<\/em> Journal of Environmental Biology, Volume 33, Number 02, April 2012, \u0130ndia, Pages: \u00a0499-508<\/li>\n<\/ul>\n<ul>\n<li>Galay, E., <strong>Emin, Atasoy<\/strong><strong>,<\/strong> Jakupov, A., Mazbaev, O. (2014) \u201c<em>National park of the Republic of Belarus<\/em>\u201d Oxidation Communications, Volume: 37, Issue: 2. Pages: 619-644<\/li>\n<\/ul>\n<ul>\n<li>Onay, T. Arslan, M. <strong>Emin, Atasoy<\/strong>\u00a0 (2014)\u00a0<em>\u201cDetermination of Metals, Carbon and Nitrogen Content in the Sediments of the Black Sea\u201d<\/em>, Oxidation Communications, Volume: 37, Issue: 3, Pages: 853-870<\/li>\n<\/ul>\n<ul>\n<li>Zhakupov,\u00a0 A. A. <strong>Emin, Atasoy<\/strong>, Galay E. \u00a0 \u00a0(2014)\u00a0 <em>\u201cAn Evaluation of Recreational Potential of BSNP in Order to Increase the Touristic Image of the Pavlodar Region\u201d <\/em>Volume: 37, Issue: 3, Pages: 871-881<\/li>\n<\/ul>\n<ul>\n<li><strong>Emin, Atasoy<\/strong>\u00a0(2014) \u201c<em>Milestones In Environmental Education For Sustainable Development<\/em>\u201d, Oxidation Communications, Volume: 37, Issue: 4, \u00a0Pages: 1111-1124<\/li>\n<\/ul>\n<ul>\n<li>Toteva, D.\u00a0<strong>Emin, Atasoy<\/strong><strong>\u00a0<\/strong>(2014) \u201c<em>Eco Governance<\/em> <em>in Viticulture in Bulgaria<\/em>\u201d, Oxidation Communications, Volume: 37, Issue: 4, \u00a0Pages: 1083-1089<\/li>\n<\/ul>\n<ul>\n<li><strong>Emin, Atasoy,<\/strong> (2015) <em>\u201c<\/em><em>Geo-ecolog\u0131cal State of M\u0131nsk Env\u0131ronment<\/em>\u201d, Oxidation Communications, Volume: 38, Issue: 1 (Yay\u0131na kabul edilmi\u015ftir)<\/li>\n<\/ul>\n<ul>\n<li>Galay, E., <strong>Emin Atasoy,<\/strong> Jakupov, A., Mazbaev, O. (2014) \u201c<em>National park of the Republic of Belarus<\/em>\u201d Oxidation Communications, Volume: 37, Issue: 2. Pages: 619-644<\/li>\n<\/ul>\n<ul>\n<li>Onay, T. Arslan, M. <strong>Emin Atasoy<\/strong>\u00a0 (2014)\u00a0<em>\u201cDetermination of Metals, Carbon and Nitrogen Content in the Sediments of the Black Sea\u201d<\/em>, Oxidation Communications, Volume: 37, Issue: 3, Pages: 853-870<\/li>\n<\/ul>\n<ul>\n<li>Zhakupov,\u00a0 A. A. <strong>Emin Atasoy<\/strong>, Galay E. \u00a0 \u00a0(2014)\u00a0 <em>\u201cAn Evaluation of Recreational Potential of BSNP in Order to Increase the Touristic Image of the Pavlodar Region\u201d <\/em>Oxidation Communications, Volume: 37, Issue: 3, Pages: 871-881<\/li>\n<\/ul>\n<ul>\n<li><strong>Emin Atasoy<\/strong>\u00a0(2014) \u201c<em>Milestones In Environmental Education For Sustainable Development<\/em>\u201d, Oxidation Communications, Volume: 37, Issue: 4, \u00a0Pages: 1111-1124<\/li>\n<\/ul>\n<ul>\n<li>Toteva, D.\u00a0<strong>Emin Atasoy\u00a0<\/strong>(2014) \u201c<em>Eco Governance<\/em> <em>in Viticulture in Bulgaria<\/em>\u201d, Oxidation Communications, Volume: 37, Issue: 4, \u00a0Pages: 1083-1089<\/li>\n<\/ul>\n<ul>\n<li><strong>Emin, Atasoy,<\/strong> (2015) <em>\u201cGeo-ecolog\u0131cal State of M\u0131nsk Env\u0131ronment<\/em>\u201d, Oxidation Communications, Volume: 38, Issue: 1, Pages: 222-231<\/li>\n<\/ul>\n<ul>\n<li>G\u00fcl\u00fcm, K., <strong>Emin Atasoy,<\/strong> Hristov, \u0130, Galay, E. (2015) <em>\u201cAgrophysical and Agrochemical scientific base for \u0131ntegred management of agroecosystem water-nutrients statuses\u201d<\/em> Oxidation Communications, Volume: 38, Issue: 1. Pages: 210-221<\/li>\n<li>Zhakupov A. A., Saparov K. T., Mazbaev O. B., Dzhanaleeva G. M., Musabaeva, M. N.,Yeginbayeva A. E., <strong>Emin Atasoy <\/strong>(2015).<em>\u201c<\/em><em> Fundamentals<\/em> <em>of recreation-geographic assessment for tourism development<\/em><em>\u201d<\/em><em>.<\/em> Oxidation Communications. Series: Ecology \u2013 remediation of water and soils. Vol. 38 No3. 2015. p.1530-1539.<\/li>\n<li>K\u0131z\u0131lcao\u011flu, A., Galay, E., G\u00fcl\u00fcm, K<em>., <\/em><strong>Emin, Atasoy<\/strong><em>,<\/em> (2015) <em>\u201cTerritorial Structure of Gross Polutant Emissions \u0131n the Open Air of Belarus\u201d,<\/em> Oxidation Communications, Volume: 38, Issue: 4,<\/li>\n<li>Mendybayev E. H., Atayeva G., Berdenov Zh., <strong>Atasoy Emin<\/strong><strong>.<\/strong> (2016). \u00a0<em>\u00ab<\/em><em>Geochemical Researches Of Region Soil With Technogenic Influence In Terms Of Borlinskiy Region, West Kazakhstan<\/em><em>\u00bb <\/em>Oxidation Communications. Volume: 38, Issue: 4<em>\u00a0<\/em><\/li>\n<li>Yeginbayeva A. E., Saparov K. T., <strong>Emin Atasoy<\/strong> (2016). <em>\u00abT<\/em><em>oponymic Approach To The Study Of Landscape Dynamics<\/em><em>\u00bb.<\/em> Oxidation Communications. Volume: 39, Issue: 1<\/li>\n<li>Zhakupov A. A., Mazbaev O. B., Musabaeva M.N., <strong>Emin Atasoy <\/strong>(2016). \u00a0\u00ab<em>Recreational Landscape System Of The North-Eastern Part Of Kazakhstan<\/em><em>\u00bb<\/em><em>.<\/em> Oxidation Communications. Volume: 39, Issue: 1<\/li>\n<li>Izenbayev, B. Mazbayev, O. Saiken, A. Tasbolat, B. <strong>Emin Atasoy<\/strong><em>. <\/em>(2016). \u00a0<em>\u00ab<\/em><em>The Great Silk Road As A Factor Of Development Of The Tourism Industry<\/em><em>\u00bb.<\/em> Oxidation Communications. Volume: 39, Issue: 2<\/li>\n<li>Izenbayev, B. Mazbayev, O. Saiken, A. Tasbolat, B. <strong>Emin Atasoy<\/strong> (2016)<em>. \u00ab<\/em><em>Tourism Development<\/em> <em>In The Kazakhstan Section Of The Great Silk Road<\/em><em>\u00bb.<\/em> Oxidation Communications. Volume: 39, Issue: 2<\/li>\n<li>Nazgul Zh. Zhens\u0131kbayeva, Kuat T. Saparov, Saltanat M. Kulzhanova, <strong>\u0415min Atasoy<\/strong>, Jan A. Wendt (2017) \u201c<em>Determ\u0131nat\u0131on Of Southern Alta\u0131 Geography Prop\u0131t\u0131ousness Extent For Tour\u0131sm Development<\/em>\u201d, Geojournal Of Tourism And Geosites, Year X, 2017 \/2, Volume 20, Romania<\/li>\n<li>Kuat T. Saparov, Aigul Y. Yeg\u0131nbayeva, Gulshat Zh. Nurgal\u0131eva, Saltanat M. Kulzhanova, <strong>\u0415min Atasoy<\/strong>, Jan A. Wendt (2017) \u201c<em>The Quest\u0131on Of Kazakh Nat\u0131onal And Geograph\u0131cal Toponym\u0131c As A Potent\u0131al Factor Of Tour\u0131sm Development<\/em>\u201d, Geojournal Of Tourism And Geosites, Year X, 2017 \/1, Volume 19, Romania<\/li>\n<li>Duman T. Al\u0131askarov, Aliya S. Be\u0131senova, Saken N. Irk\u0131tbaev, <strong>Emin Atasoy<\/strong>, Tomasz W\u0131skulsk\u0131 (2017) <em>\u201cModern Changes In Zhezkazgan C\u0131ty: Pos\u0131t\u0131ve And Negat\u0131ve Factors Of Tour\u0131sm Development (Kazakhstan)\u201d<\/em> Geojournal Of Tourism And Geosites, Year X, 2017 \/ 2, Volume 20, Romania<\/li>\n<li>Z.A. Amirzhanovna, K.M. Zhanaleyeva, B.Z. Galimzhanovich, K.T. Saparov, <strong>E. Atasoy<\/strong>, (2017) \u201cAssessesment of Hydrogeoecological Features of the Yesil River Basin\u201d, Journal of Environmental Biology, Special issue, Volume: 38, Number: 5, pp. 1115-1120, September 2017, India<\/li>\n<li>Yerlan S. Kab\u0131yev, Zharas G. Berdenov, Kulchihan M. Dzhanaleeva, <strong>\u0415min \u0410tasoy<\/strong>, Jan A. Wendt \u00a0(2018) \u201cLandscape Ecolog\u0131cal Analys\u0131s Of The Modern Delta Of The Ural (Zhay\u0131k) R\u0131ver\u201d, Geo Journal of Tourism and Geosites, Year XI, vol. 23, no. 3, 2018, p. 644-655<\/li>\n<li>Z. \u041c\u0430zhitova, K. \u041c. Janaleyeva, Z. G. Berdenov, B. B. Doskenova , <strong>\u0415. Atasoy<\/strong>, (2018) \u201cAssessment Of The Susta\u0131nab\u0131l\u0131ty Of Landscapes Of The North-Kazakhstan Reg\u0131on To Agr\u0131cultural Impact\u201d, News Of The Nat\u0131onal Academy Of Sc\u0131ences Of The Republ\u0131c Of Kazakhstan, Ser\u0131es Of Geology And Techn\u0131cal Sc\u0131ences, ISSN 2224-5278, Volume 3, Number 429 (2018), p. 90\u201395<\/li>\n<li>A. Aubakirova, Z. K. Shomanova, R. Z. Safarov, \u0415. Atasoy (2019) <em>\u201cAnalys\u0131s Of Copper-Conta\u0131n\u0131ng Products For The Content Of Noble Metals\u201d<\/em>, News Of The Nat\u0131onal Academy Of Sc\u0131ences Of The Republ\u0131c Of Kazakhstan, Ser\u0131es Chem\u0131stry And Technology, Volume 4, Number 436 (2019), P. 60\u201365<\/li>\n<li>A. Aubakirova, Z. K. Shomanova, R. Z. Safarov, \u0415. Atasoy (2019) <em>\u201cAtom\u0131c Em\u0131ss\u0131on Method W\u0131th Induct\u0131vely Coupled Plasma For Determ\u0131n\u0131ng Of Noble Metals (Au, Ag)In Samples Of Industr\u0131al Bl\u0131ster Copper\u201d, <\/em>News Of The Nat\u0131onal Academy Of Sc\u0131ences Of The Republ\u0131c Of Kazakhstan, Ser\u0131es Chem\u0131stry And Technology, Volume 4, Number 436 (2019), P. 53\u201359<\/li>\n<li>Akzhunus G. Abdull\u0131na, Kuat T. Saparov, Aigul M. Sergeyeva, Aigul Y. Yeg\u0131nbayeva, \u0415min Atasoy <em>\u201cThe Importance Of Toponymy Of Mugalzhary Mounta\u0131n Plots And Adjacent Terr\u0131tor\u0131es To The Development Of Geotur\u0131sm<\/em>\u201d GeoJournal of Tourism and Geosites Year XII, vol. 25, no. 2, 2019, p.664-674<\/li>\n<li>Nazym K. Kabdrakhmanova, Meruyert N. Mussabayeva, \u0415min Atasoy, Nazgul Z. Zhens\u0131kbayeva, Sanat Kumarbekuly (2019) \u201c<strong><em>Landscape And Recreat\u0131onal Analys\u0131s Of Yert\u0131s R\u0131ver Upper Part On The Bas\u0131s Of Bas\u0131n Approach (Kazakhstan\u201d), <\/em><\/strong>GeoJournal of Tourism and Geosites, Year XII, vol. 27, no. 4, 2019, p.1392-1400<\/li>\n<li>Chashina, B., Ramazanova, N., Atasoy, E., Berdenov, Zh., Ilie\u0219, D.C. (2020). \u201c<em>Natural Recreat\u0131on Potent\u0131al Of The West Kazakhstan Reg\u0131on Of The Republ\u0131c Of Kazakhstan\u201d<\/em>. GeoJournal of Tourism and Geosites, 32 (4), p. 1355\u20131361.<\/li>\n<li>Hakan T\u00fcrk ve Emin Atasoy, (2020) <em>\u201cA Critical Approach to Geography Curriculum in Terms of Global Awareness Attainments\u201d, <\/em>Review of International Geographical Education (RIGEO), 10 (1), Special Issue, p. 65-83. ISSN: 2146-0353<\/li>\n<li>Darbayeva, N. Ramazanova, B. Chashina, Z. Berdenov, E. Mendybayev, J.A. Wendt and E. Atasoy<em>, <\/em>(2020) <em>\u201cModeling soil erosion in the Chagan river basin of the west Kazakhstan with using RUSLE and GIS tools\u201d, <\/em>Journal of Environmental Biology, JEB Special Issue, March 2020, Volume: 41, Number 2,<em> p. 396-404<\/em><\/li>\n<li>C. Ilie, L. Indrie, A. Ilie, F. Marcu, A. Axinte, L. Burt, G.V. Herman, E. Atasoy, A. Baidog, C. Iovan, A. Albu, M. Costea and J.A. Wendt (2020) <em>\u201cInvestigation of old textiles using scanning electron microscopy\u201d,<\/em> Journal of Environmental Biology, JEB Special Issue, March 2020, Volume: 41, Number 2,<em> p.499-504<\/em><\/li>\n<li>Elif Alkar &amp; Tolga Kara &amp; Emin Atasoy (2021) <em>\u201cFactors Impact\u0131ng The Effect\u0131ve C\u0131t\u0131zensh\u0131p Values Of Secondary School Students W\u0131th\u0131n The Scope Of Soc\u0131al Stud\u0131es Educat\u0131on\u201d,<\/em> Pedagogy, Volume 93, Number 8, p. 1100 \u2013 1118, Bulgaria<\/li>\n<li>Hakan T\u00fcrk ve Emin Atasoy, (2021) \u201c<em>Sosyal Bilgiler Dersi \u00d6\u011fretim Program\u0131n\u0131n (2018) K\u00fcresel Vatanda\u015fl\u0131k A\u00e7\u0131s\u0131ndan De\u011ferlendirilmesi\u201d, <\/em>Mill\u00ee E\u011fitim Dergisi, Ankara, Cilt: 50,\u00a0 Bahar\/2021,\u00a0 Say\u0131: 230, S.147-16<\/li>\n<li>Yerkin Tokpanov<em>, <\/em>Emin Atasoy, Erbolat Mendybayev, Bakhadurkhan Abd\u0131manapov, Yerlan Andasbayev, Roza Mukh\u0131td\u0131nova, Zhansulu Inkarova, (2021) <em>\u201eProspects For The Development Of Health Tour\u0131sm On Lake Ray In The Almaty Reg\u0131on Of The Republ\u0131c Of Kazakhstan\u201d, <\/em>GeoJournal of Tourism and Geosites, Year XIV, Vol. 37, No. 3,\u00a0 p. 888-893<\/li>\n<li>Seraliyev, A. &amp; Kulyash, K. &amp; Duman, A. &amp; Atasoy, E. &amp; Yerlan, N. &amp; Baktybekov, M., (2022) \u201c<em>Technology for teaching regional economic relationships based on the updated content of education<\/em>\u201d, Cypriot Journal of Educational Science, 17 (2), pp. 531-541<\/li>\n<li>Atasoy, E. &amp; Ati\u015f, E., Kanagatov, Z. &amp; Izenbaev, B. &amp; Kabiyev, Y.S., &amp; Seraliyev, A. (2022). <em>\u201cCharacter\u0131st\u0131cs And Tour\u0131sm Potent\u0131al Of The Burabay Nat\u0131onal Park (Kazakhstan)\u201d,<\/em> GeoJournal of Tourism and Geosites, 43 (3), pp. 1129\u20131137<\/li>\n<li>Turyspekova, E. &amp; Ramazanova N. &amp; \u0410tasoy E. (2022) <em>\u201cProspects For The Development Of Ecotour\u0131sm In The Terr\u0131tory Of The Katon-Karaga\u0131 State Nat\u0131onal Nature Park Of The East Kazakhstan Reg\u0131on\u201d, <\/em>GeoJournal of Tourism and Geosites, 45 (4 spl.), pp. 1560\u20131569<\/li>\n<li>Akylbekov, K, Atasoy, E, Issagaliyeva, E, Mendybayev, E, Berdenov, Zh. &amp; Ortega Espaldon, M. V. (2022) <em>\u201c<\/em><em>The Mar\u0131nduque Island From The Perspect\u0131ve Of Tour\u0131sm Geography\u201d.<\/em> GeoJournal of Tourism and Geosites, 44 (4), pp. 1459\u20131471<\/li>\n<li>Savanchiyeva, A. &amp; Atasoy, E. &amp; Berdenov, Zh. &amp; Mambetaliyev, K. &amp; Muzdybayeva, K. &amp; Khamitova, D. (2023). <em>\u201cTour\u0131st Resources And Tour\u0131st Potent\u0131al Of M\u0131ndoro Island In The Ph\u0131l\u0131pp\u0131nes\u201d.<\/em> Geo Journal of Tourism and Geosites, 48 (2spl), pp. 672\u2013684.<\/li>\n<li>Tergenbayeva, Z. &amp; Karasholakova, L. &amp; Sar\u0131kurt, B. &amp; \u00d6zdilek, Z. &amp; Atasoy, E. &amp; Kitapbayeva, A. (2023) <em>\u201cInvestigation of Pre-Service Science Teachers; Knowledge Levels,Practical Experiences, and Perceived Competencies in Teaching Biodiversity at School\u201d,<\/em> Journal of Turkish Science Education, 20 (4), pp. 695 \u2013 717<\/li>\n<li>Zhanabayev D. &amp; Dzhanaleeva K. &amp; Atasoy, E. &amp; Efe, R. (2024) <em>\u201cLandsl\u0131de Suscept\u0131b\u0131l\u0131ty Mapp\u0131ng Us\u0131ng Analyt\u0131cal H\u0131erarchy Process and Geograph\u0131cal Informat\u0131on System in Rudny Alta\u0131 Reg\u0131on, East Kazakhstan\u201d,<\/em> Geographia Technica, Vol: 19, Issue: 1, pp. 151 \u2013 165\u00a0\u00a0\u00a0\u00a0\u00a0 DOI: 10.21163\/GT_2024.191.11<\/li>\n<li>Nazgul Zhensikbayeva, Kuat Saparov, Nazym Kabdrakhmanova, Emin Atasoy, Aigul Yeginbayeva, Kamila Abzeleeva, Serik Bakin, Valeryi Sedelev and Nazerke Amangeldy (2024) \u201c<em>An Assessment of the Construction and Hydrographic Conditions of Bukhtarma and Ust-Kamenogorsk Reservoirs in the East Kazakhstan Region for 2017\u20132021\u201d, <\/em>Sustainability Journal, 2024, 16,<\/li>\n<\/ul>\n","protected":false},"excerpt":{"rendered":"<p>Emin, Atasoy\u00a0(2009) &#8220;Eight Grade Students Associations of Geographical and Environmental Concepts (A Comparative Study Between Turkey and Bulgaria)&#8220;, The New Educational Review, Poland, Vol. 17, No. 1, Pages: 102- 124 Soykan, A. Emin, Atasoy\u00a0Kostova, Z., (2012) \u00a0\u201cHistorical Development of Environmental Education in Bulgaria\u201d Journal of Environmental Biology, Volume 33, Number 02, April 2012, \u0130ndia, Pages: [&hellip;]<\/p>\n","protected":false},"author":1,"featured_media":0,"parent":0,"menu_order":0,"comment_status":"closed","ping_status":"closed","template":"","meta":{"footnotes":""},"_links":{"self":[{"href":"http:\/\/eminatasoy.com\/index.php?rest_route=\/wp\/v2\/pages\/3702"}],"collection":[{"href":"http:\/\/eminatasoy.com\/index.php?rest_route=\/wp\/v2\/pages"}],"about":[{"href":"http:\/\/eminatasoy.com\/index.php?rest_route=\/wp\/v2\/types\/page"}],"author":[{"embeddable":true,"href":"http:\/\/eminatasoy.com\/index.php?rest_route=\/wp\/v2\/users\/1"}],"replies":[{"embeddable":true,"href":"http:\/\/eminatasoy.com\/index.php?rest_route=%2Fwp%2Fv2%2Fcomments&post=3702"}],"version-history":[{"count":12,"href":"http:\/\/eminatasoy.com\/index.php?rest_route=\/wp\/v2\/pages\/3702\/revisions"}],"predecessor-version":[{"id":12305,"href":"http:\/\/eminatasoy.com\/index.php?rest_route=\/wp\/v2\/pages\/3702\/revisions\/12305"}],"wp:attachment":[{"href":"http:\/\/eminatasoy.com\/index.php?rest_route=%2Fwp%2Fv2%2Fmedia&parent=3702"}],"curies":[{"name":"wp","href":"https:\/\/api.w.org\/{rel}","templated":true}]}}