{"id":3968,"date":"2015-01-13T10:34:35","date_gmt":"2015-01-13T10:34:35","guid":{"rendered":"http:\/\/eminatasoy.com\/?page_id=3968"},"modified":"2015-01-13T10:36:42","modified_gmt":"2015-01-13T10:36:42","slug":"egitim-ve-akademik-deneyim","status":"publish","type":"page","link":"http:\/\/eminatasoy.com\/?page_id=3968","title":{"rendered":"E\u011fitim ve Akademik Deneyim"},"content":{"rendered":"<p><strong>E\u011e\u0130T\u0130M<\/strong><\/p>\n<table width=\"99%\">\n<tbody>\n<tr>\n<td width=\"22%\">\u00d6\u011eREN\u0130M D\u00d6NEM\u0130<\/td>\n<td width=\"16%\">DERECE<\/td>\n<td width=\"31%\">\u00dcN\u0130VERS\u0130TE<\/td>\n<td width=\"28%\">\u00d6\u011eREN\u0130M ALANI<\/td>\n<\/tr>\n<tr>\n<td width=\"22%\">1989-1993<\/td>\n<td width=\"16%\">Lisans<\/td>\n<td width=\"31%\">Uluda\u011f \u00dcniversitesi<\/td>\n<td width=\"28%\">Necatibey E\u011fitim Fak\u00fcltesi Co\u011frafya E\u011fitimi Anabilim Dal\u0131<\/td>\n<\/tr>\n<tr>\n<td width=\"22%\">1993-1996<\/td>\n<td width=\"16%\">Y. Lisans<\/td>\n<td width=\"31%\">\u0130stanbul \u00dcniversitesi<\/td>\n<td width=\"28%\">Uygulamal\u0131 Be\u015feri ve \u0130ktisadi Co\u011frafya<\/td>\n<\/tr>\n<tr>\n<td width=\"22%\">2001-2005<\/td>\n<td width=\"16%\">Doktora<\/td>\n<td width=\"31%\">Uluda\u011f \u00dcniversitesi<\/td>\n<td width=\"28%\">Sosyal Bilimler Enstit\u00fcs\u00fc \u0130lk\u00f6\u011fretim<\/td>\n<\/tr>\n<\/tbody>\n<\/table>\n<ol start=\"3\">\n<li><strong> AKADEM\u0130K DENEY\u0130M<\/strong><\/li>\n<\/ol>\n<table width=\"100%\">\n<tbody>\n<tr>\n<td width=\"25%\">G\u00d6REV D\u00d6NEM\u0130<\/td>\n<td width=\"14%\">UNVAN<\/td>\n<td width=\"37%\">B\u00d6L\u00dcM<\/td>\n<td width=\"22%\">\u00dcN\u0130VERS\u0130TE<\/td>\n<\/tr>\n<tr>\n<td width=\"25%\">2000\u20132005<\/td>\n<td width=\"14%\">\u00d6\u011fr. G\u00f6r.<\/td>\n<td width=\"37%\">\u0130lk\u00f6\u011fretim B\u00f6l. Sosyal Bilgiler E\u011fitimi AbD.<\/td>\n<td width=\"22%\">Uluda\u011f \u00dcniversitesi<\/td>\n<\/tr>\n<tr>\n<td width=\"25%\">2005 -2008<\/td>\n<td width=\"14%\">\u00d6\u011fr. G\u00f6r. Dr.<\/td>\n<td width=\"37%\">\u0130lk\u00f6\u011fretim B\u00f6l. Sosyal Bilgiler E\u011fitimi AbD.<\/td>\n<td width=\"22%\">Uluda\u011f \u00dcniversitesi<\/td>\n<\/tr>\n<tr>\n<td width=\"25%\">2009 -2010<\/td>\n<td width=\"14%\">Yrd. Do\u00e7. Dr.<\/td>\n<td width=\"37%\">\u0130lk\u00f6\u011fretim B\u00f6l. Sosyal Bilgiler E\u011fitimi AbD.<\/td>\n<td width=\"22%\">Uluda\u011f \u00dcniversitesi<\/td>\n<\/tr>\n<tr>\n<td width=\"25%\">2010 &#8211; 2014<\/td>\n<td width=\"14%\">Do\u00e7. Dr.<\/td>\n<td width=\"37%\">\u0130lk\u00f6\u011fretim B\u00f6l. Sosyal Bilgiler E\u011fitimi AbD.<\/td>\n<td width=\"22%\">Uluda\u011f \u00dcniversitesi<\/td>\n<\/tr>\n<tr>\n<td width=\"25%\">May\u0131s 2015<\/td>\n<td width=\"14%\">Prof. Dr.<\/td>\n<td width=\"37%\">\u0130lk\u00f6\u011fretim B\u00f6l. Sosyal Bilgiler E\u011fitimi AbD.<\/td>\n<td width=\"22%\">Uluda\u011f \u00dcniversitesi<\/td>\n<\/tr>\n<\/tbody>\n<\/table>\n<p><strong>Kat\u0131ld\u0131\u011f\u0131 Bilimsel Projeler <\/strong><\/p>\n<ol>\n<li>\u201cUluda\u011f Milli Park\u0131 ve \u00c7evresinin Bilimsel Ama\u00e7l\u0131 Kullan\u0131m\u0131\u201d, (T\u00dcB\u0130TAK-\u00c7AYDAG 105Y011), 2005<\/li>\n<li>\u201cUluda\u011f Milli Park\u0131, Bursa ve \u00c7evresindeki Ekoloji Temelli Do\u011fa E\u011fitimi II\u201d (T\u00dcB\u0130TAK-\u00c7AYDAG 106Y109), 2006<\/li>\n<li>\u201cNetwork for Intercultura Dialogue and Education: Turkey \u2013 Bulgaria\u201d 2008 \u2013 2009 (TR0604.01-03\/071)<\/li>\n<\/ol>\n<p><strong>\u00a0<\/strong><\/p>\n<p><strong>Y\u00f6netici Olarak \u00c7al\u0131\u015ft\u0131\u011f\u0131 Bilimsel Projeler<\/strong><\/p>\n<ol>\n<li>\u201cBelarus Cumhuriyetinin Co\u011frafi, \u0130ktisadi ve Turizm Potansiyeli ile T\u00fcrkiye-Belarus Etkile\u015fimi\u201d, Uluda\u011f \u00dcniversitesi BAP projesi<\/li>\n<\/ol>\n<ol start=\"2\">\n<li>\u201cBe\u015feri ve Ekonomik Co\u011frafya Penceresinden Polonya Cumhuriyeti ve T\u00fcrkiye-Polonya \u0130li\u015fkileri\u201d, Uluda\u011f \u00dcniversitesi BAP projesi.<\/li>\n<\/ol>\n<p><strong>Yurt D\u0131\u015f\u0131 Erasmus G\u00f6revleri<\/strong><\/p>\n<ul>\n<li>ERASMUS &#8211; Teaching Staff Mobility, Klaipeda University, Lithuania, 28 April- 4 May 2013<\/li>\n<\/ul>\n<ul>\n<li>ERASMUS &#8211; Teaching Staff Mobility, South Western University \u201cNeofit Rilski\u201d Blagoevgrad, Bulgaria, 17-23 October 2010<\/li>\n<\/ul>\n<ul>\n<li>ERASMUS &#8211; Teaching Staff Mobility, T\u0131rnava University, Slovakya<\/li>\n<\/ul>\n<ul>\n<li>ERASMUS &#8211; Teaching Staff Mobility, Kliment Ohridski University, Bulgaria<\/li>\n<\/ul>\n<p><strong>\u00a0<\/strong><\/p>\n<p><strong>Son 10 y\u0131lda verdi\u011finiz lisans ve lisans\u00fcst\u00fc d\u00fczeydeki ba\u015fl\u0131ca dersler<\/strong><\/p>\n<ul>\n<li>T\u00fcrkiye Co\u011frafyas\u0131<\/li>\n<li>Turizm Co\u011frafyas\u0131<\/li>\n<li>Siyasi Co\u011frafya<\/li>\n<li>T\u00fcrk D\u00fcnyas\u0131 Co\u011frafyas\u0131<\/li>\n<li>Balkan \u00dclkeleri Co\u011frafyas\u0131<\/li>\n<li>T\u00fcrkiye Be\u015feri ve Ekonomik Co\u011frafyas\u0131<\/li>\n<li>Demografi<\/li>\n<li>\u00dclkeler Co\u011frafyas\u0131<\/li>\n<li>G\u00fcn\u00fcm\u00fcz D\u00fcnya Sorunlar\u0131<\/li>\n<li>T\u00fcrkiye Co\u011frafyas\u0131 ve Jeopoliti\u011fi<\/li>\n<li>\u00c7evre ve \u0130nsan Etkile\u015fimi<\/li>\n<li>\u00c7evre E\u011fitimi ve \u00d6\u011fretimi<\/li>\n<li>Co\u011frafya E\u011fitimi ve \u00d6\u011fretimi<\/li>\n<li>Jeopolitik<\/li>\n<li>Siyaset Bilimi<\/li>\n<\/ul>\n","protected":false},"excerpt":{"rendered":"<p>E\u011e\u0130T\u0130M \u00d6\u011eREN\u0130M D\u00d6NEM\u0130 DERECE \u00dcN\u0130VERS\u0130TE \u00d6\u011eREN\u0130M ALANI 1989-1993 Lisans Uluda\u011f \u00dcniversitesi Necatibey E\u011fitim Fak\u00fcltesi Co\u011frafya E\u011fitimi Anabilim Dal\u0131 1993-1996 Y. Lisans \u0130stanbul \u00dcniversitesi Uygulamal\u0131 Be\u015feri ve \u0130ktisadi Co\u011frafya 2001-2005 Doktora Uluda\u011f \u00dcniversitesi Sosyal Bilimler Enstit\u00fcs\u00fc \u0130lk\u00f6\u011fretim AKADEM\u0130K DENEY\u0130M G\u00d6REV D\u00d6NEM\u0130 UNVAN B\u00d6L\u00dcM \u00dcN\u0130VERS\u0130TE 2000\u20132005 \u00d6\u011fr. G\u00f6r. \u0130lk\u00f6\u011fretim B\u00f6l. Sosyal Bilgiler E\u011fitimi AbD. Uluda\u011f \u00dcniversitesi 2005 [&hellip;]<\/p>\n","protected":false},"author":1,"featured_media":0,"parent":0,"menu_order":0,"comment_status":"closed","ping_status":"closed","template":"","meta":{"footnotes":""},"_links":{"self":[{"href":"http:\/\/eminatasoy.com\/index.php?rest_route=\/wp\/v2\/pages\/3968"}],"collection":[{"href":"http:\/\/eminatasoy.com\/index.php?rest_route=\/wp\/v2\/pages"}],"about":[{"href":"http:\/\/eminatasoy.com\/index.php?rest_route=\/wp\/v2\/types\/page"}],"author":[{"embeddable":true,"href":"http:\/\/eminatasoy.com\/index.php?rest_route=\/wp\/v2\/users\/1"}],"replies":[{"embeddable":true,"href":"http:\/\/eminatasoy.com\/index.php?rest_route=%2Fwp%2Fv2%2Fcomments&post=3968"}],"version-history":[{"count":3,"href":"http:\/\/eminatasoy.com\/index.php?rest_route=\/wp\/v2\/pages\/3968\/revisions"}],"predecessor-version":[{"id":3973,"href":"http:\/\/eminatasoy.com\/index.php?rest_route=\/wp\/v2\/pages\/3968\/revisions\/3973"}],"wp:attachment":[{"href":"http:\/\/eminatasoy.com\/index.php?rest_route=%2Fwp%2Fv2%2Fmedia&parent=3968"}],"curies":[{"name":"wp","href":"https:\/\/api.w.org\/{rel}","templated":true}]}}