{"id":3971,"date":"2015-01-13T10:37:53","date_gmt":"2015-01-13T10:37:53","guid":{"rendered":"http:\/\/eminatasoy.com\/?page_id=3971"},"modified":"2024-02-06T13:11:37","modified_gmt":"2024-02-06T13:11:37","slug":"odul-ve-basarilar","status":"publish","type":"page","link":"http:\/\/eminatasoy.com\/?page_id=3971","title":{"rendered":"\u00d6d\u00fcl ve Ba\u015far\u0131lar"},"content":{"rendered":"<ul>\n<li>2006 y\u0131l\u0131nda Kliment Ohridski \u00dcniversitesinde 8 ayl\u0131k T\u00dcB\u0130TAK postdoktora bursu<\/li>\n<li>Misafir \u00f6\u011fretim \u00fcyesi olarak Kazakistan Avrasya L. Gumilev \u00fcniversitesi co\u011frafya b\u00f6l\u00fcm\u00fcnde \u00e7al\u0131\u015fma (2013 y\u0131l\u0131)<\/li>\n<li>Misafir \u00f6\u011fretim \u00fcyesi olarak Kazakistan Al Farabi \u00fcniversitesinde \u00e7al\u0131\u015fma (2014 y\u0131l\u0131)<\/li>\n<li>2012 y\u0131l\u0131nda Mog\u0131lev Kule\u015fov \u00fcniversitesi davetlisi olarak ara\u015ft\u0131rmac\u0131 stat\u00fcs\u00fcnde Belarus\u2019ta \u00e7al\u0131\u015fma<\/li>\n<li>2014 y\u0131l\u0131nda Uluda\u011f \u00dcniversitesi sosyal bilimler alan\u0131nda 10 000 TL\u2019lik Bilim ve Sanat \u00f6d\u00fcl\u00fcn\u00fc kazanma.<\/li>\n<li>Rusya, Belarus, Makedonya, Bulgaristan, Slovakya, K\u00fcba, Litvanya, Romanya, Endonezya, Filipinler, Tataristan, S\u0131rbistan ve Karada\u011f Cumhuriyetinde 20\u2019den fazla uluslararas\u0131 kongreye aktif kat\u0131l\u0131m.<\/li>\n<li>Yurt d\u0131\u015f\u0131ndaki akademik dergilerde yay\u0131mlanm\u0131\u015f 50\u2019den fazla makale.<\/li>\n<li>SSCI, SCOPUS ve SSCI Expandet dergilerinde yay\u0131mlanm\u0131\u015f 40\u2019tan fazla makale.<\/li>\n<li>T\u00fcrkiye\u2019de ve yurt d\u0131\u015f\u0131nda yay\u0131nlanm\u0131\u015f 30\u2019dan fazla kitap ve kitap b\u00f6l\u00fcm\u00fc.<\/li>\n<li>T\u00fcrkiye\u2019de ve yurt d\u0131\u015f\u0131nda ger\u00e7ekle\u015ftirilen uluslararas\u0131 kongrelerde tam metin yay\u0131mlanm\u0131\u015f 100\u2019den fazla bildiri.<\/li>\n<li>Erasmus \u00f6\u011fretim \u00fcyesi de\u011fi\u015fimi kapsam\u0131nda Bulgaristan\u2019\u0131n Kliment Ohridski \u00fcniversitesinde ders verme<\/li>\n<li>Erasmus \u00f6\u011fretim \u00fcyesi de\u011fi\u015fimi kapsam\u0131nda Bulgaristan\u2019\u0131n South Western University \u201cNeofit Rilski\u2019de ders verme<\/li>\n<li>Erasmus \u00f6\u011fretim \u00fcyesi de\u011fi\u015fimi kapsam\u0131nda Slovakya\u2019n\u0131n T\u0131rnava \u00dcniversitesinde ders verme<\/li>\n<li>Erasmus \u00f6\u011fretim \u00fcyesi de\u011fi\u015fimi kapsam\u0131nda Litvanya\u2019n\u0131n Klaipeda \u00dcniversitesinde ders verme<\/li>\n<li>2016 y\u0131l\u0131nda misafir \u00f6\u011fretim \u00fcyesi olarak Kazakistan Avrasya L. Gumilev \u00fcniversitesi co\u011frafya b\u00f6l\u00fcm\u00fcnde \u00e7al\u0131\u015fma.<\/li>\n<li>2015 y\u0131l\u0131nda T\u00dcB\u0130TAK 2219 \u201cYurt D\u0131\u015f\u0131 Doktora Sonras\u0131 Ara\u015ft\u0131rma Burs Program\u0131\u2019n\u0131 kazanm\u0131\u015f ve \u201cPolonya Cumhuriyetinin Co\u011frafi, \u0130ktisadi ve Turizm Potansiyeli ile T\u00fcrkiye &#8211; Polonya Etkile\u015fimi\u201d ba\u015fl\u0131kl\u0131 doktora sonras\u0131 ara\u015ft\u0131rmay\u0131 Aral\u0131k 2016 y\u0131l\u0131nda ba\u015far\u0131yla tamamlam\u0131\u015f.<\/li>\n<li>2015 y\u0131l\u0131nda Uluda\u011f \u00dcniversitesi E\u011fitim Fak\u00fcltesindeki t\u00fcm \u00f6\u011fretim \u00fcyeleri aras\u0131nda en y\u00fcksek akademik te\u015fvik puan\u0131na sahip olmu\u015f.<\/li>\n<li>2019 ve 2021 y\u0131l\u0131nda misafir \u00f6\u011fretim \u00fcyesi olarak Kazakistan\u2019\u0131n Tald\u0131 Kurgan kentinde yer alan Zhetysu Devlet \u00dcniversitesinde \u00e7al\u0131\u015fma.<\/li>\n<li>T\u00dcB\u0130TAK \u2013 B\u0130DEB 2219-Yurt D\u0131\u015f\u0131 Doktora Sonras\u0131 Ara\u015ft\u0131rma Burs Program\u0131 \u00e7er\u00e7evesinde \u201cSiyasi, \u0130ktisadi ve Be\u015feri Co\u011frafya Perspektifinden Filipinler Cumhuriyeti ve T\u00fcrkiye-Filipinler Etkile\u015fimi\u201d projesinin y\u00fcr\u00fct\u00fcc\u00fcs\u00fc olmu\u015ftur.<\/li>\n<li>2019 ve 2020 y\u0131l\u0131nda Bursa Uluda\u011f \u00dcniversitesi E\u011fitim Fak\u00fcltesindeki t\u00fcm \u00f6\u011fretim \u00fcyeleri aras\u0131nda en y\u00fcksek akademik te\u015fvik puan\u0131na sahip olmu\u015f.<\/li>\n<li>T\u00dcB\u0130TAK \u2013 B\u0130DEB 2219-Yurt D\u0131\u015f\u0131 Doktora Sonras\u0131 Ara\u015ft\u0131rma Burs Program\u0131 \u00e7er\u00e7evesinde \u201cSiyasi, \u0130ktisadi ve Be\u015feri Co\u011frafya Perspektifinden Filipinler Cumhuriyeti ve T\u00fcrkiye-Filipinler Etkile\u015fimi\u201d projesi ile ilgili 2019 \u2013 2021 d\u00f6neminde T\u00fcrkiye\u2019deki bilimsel dergilerde Filipinler Cumhuriyeti merkezli 10\u2019dan fazla makale yay\u0131mlam\u0131\u015ft\u0131r.<\/li>\n<li>20 Ekim 2022 \u2013 20 Haziran 2023 tarihleri aras\u0131nda Filipin adalar\u0131nda g\u00f6zlem ve ara\u015ft\u0131rmalarda bulunmu\u015f ve 40\u2019tan fazla aday\u0131 ziyaret etmi\u015ftir.<\/li>\n<li>1 Eyl\u00fcl \u2013 30 Eyl\u00fcl 2022 tarihleri aras\u0131nda Kazakistan\u2019\u0131n en k\u00f6kl\u00fc ve en b\u00fcy\u00fck e\u011fitim \u00fcniversitesi olan Abay Kazak Milli Pedagoji \u00fcniversitesinde bir ay boyunca misafir \u00f6\u011fretim \u00fcyesi olarak ders vermi\u015ftir.<\/li>\n<li>2022 y\u0131l\u0131nda Bursa Uluda\u011f \u00dcniversitesi E\u011fitim Fak\u00fcltesindeki t\u00fcm \u00f6\u011fretim \u00fcyeleri aras\u0131nda en y\u00fcksek akademik te\u015fvik puan\u0131na sahip olmu\u015ftur.<\/li>\n<li>2023 y\u0131l\u0131nda T\u00dcB\u0130TAK \u2013 B\u0130DEB 2219-Yurt D\u0131\u015f\u0131 Doktora Sonras\u0131 Ara\u015ft\u0131rma Burs Program\u0131 \u00e7er\u00e7evesinde \u201cSiyasi, \u0130ktisadi ve Be\u015feri Co\u011frafya Perspektifinden Filipinler Cumhuriyeti ve T\u00fcrkiye-Filipinler Etkile\u015fimi\u201d projesini ba\u015far\u0131yla tamamlam\u0131\u015f ve proje sonucunda 15\u2019ten fazla makale, 2 kitap, 7 tam metin kongre bildirisi ve 5 scopus yay\u0131n\u0131 ger\u00e7ekle\u015ftirmi\u015ftir.<\/li>\n<li>4 Eyl\u00fcl \u2013 3 Ekim 2023 tarihleri aras\u0131nda Kazakistan\u2019\u0131n Kostanay Devlet \u00dcniversitesinde bir ay boyunca misafir \u00f6\u011fretim \u00fcyesi olarak ders vermi\u015ftir.<\/li>\n<li>Eyl\u00fcl 2023\u2019te davetli konu\u015fmac\u0131 olarak Ust Kamenogorsk Devlet \u00dcniversitesinde ve L. N. Gumilev Avrasya Milli \u00dcniversitesinde \u00f6\u011fretim \u00fcyelerine ders ve konferans vermi\u015ftir.<\/li>\n<li>2023 y\u0131l\u0131nda Filipinler Cumhuriyeti\u2019nin ba\u015fkenti olan Manila\u2019da yer alan \u201cAsian Institute of Tourism &#8211; University Of The Philippines\u201d ayr\u0131ca Los Banos kentinde yer alan University Of The Philippines\u2019te ders ve konferans vermi\u015ftir.<\/li>\n<li>2023 y\u0131l\u0131na kadar yakla\u015f\u0131k 20 Kazakistan k\u00f6kenli doktora \u00f6\u011frencisinin dan\u0131\u015fmanl\u0131\u011f\u0131n\u0131 tamamlayan Atasoy\u2019un\u00a0doktora \u00f6\u011frencileri aras\u0131nda 2 dekan, 2 dekan yard\u0131mc\u0131s\u0131 ve 4 b\u00f6l\u00fcm ba\u015fkan\u0131 akademik faaliyetlerini Kazakistan\u2019da s\u00fcrd\u00fcrmektedir. Kazak doktora \u00f6\u011frencileri ile birlikte bug\u00fcne kadar Atasoy\u2019un SSCI ve Scopus\u2019ta taranan dergilerinde 40\u2019tan fazla makalesi ve 30\u2019dan fazla kongre bildirisi yay\u0131mlanm\u0131\u015ft\u0131r.<\/li>\n<li>2023 y\u0131l\u0131nda Bursa Uluda\u011f \u00dcniversitesi E\u011fitim Fak\u00fcltesindeki t\u00fcm \u00f6\u011fretim \u00fcyeleri aras\u0131nda en y\u00fcksek akademik te\u015fvik puan\u0131na sahip olmu\u015ftur.<\/li>\n<\/ul>\n","protected":false},"excerpt":{"rendered":"<p>2006 y\u0131l\u0131nda Kliment Ohridski \u00dcniversitesinde 8 ayl\u0131k T\u00dcB\u0130TAK postdoktora bursu Misafir \u00f6\u011fretim \u00fcyesi olarak Kazakistan Avrasya L. Gumilev \u00fcniversitesi co\u011frafya b\u00f6l\u00fcm\u00fcnde \u00e7al\u0131\u015fma (2013 y\u0131l\u0131) Misafir \u00f6\u011fretim \u00fcyesi olarak Kazakistan Al Farabi \u00fcniversitesinde \u00e7al\u0131\u015fma (2014 y\u0131l\u0131) 2012 y\u0131l\u0131nda Mog\u0131lev Kule\u015fov \u00fcniversitesi davetlisi olarak ara\u015ft\u0131rmac\u0131 stat\u00fcs\u00fcnde Belarus\u2019ta \u00e7al\u0131\u015fma 2014 y\u0131l\u0131nda Uluda\u011f \u00dcniversitesi sosyal bilimler alan\u0131nda 10 000 [&hellip;]<\/p>\n","protected":false},"author":1,"featured_media":0,"parent":0,"menu_order":0,"comment_status":"closed","ping_status":"closed","template":"","meta":{"footnotes":""},"_links":{"self":[{"href":"http:\/\/eminatasoy.com\/index.php?rest_route=\/wp\/v2\/pages\/3971"}],"collection":[{"href":"http:\/\/eminatasoy.com\/index.php?rest_route=\/wp\/v2\/pages"}],"about":[{"href":"http:\/\/eminatasoy.com\/index.php?rest_route=\/wp\/v2\/types\/page"}],"author":[{"embeddable":true,"href":"http:\/\/eminatasoy.com\/index.php?rest_route=\/wp\/v2\/users\/1"}],"replies":[{"embeddable":true,"href":"http:\/\/eminatasoy.com\/index.php?rest_route=%2Fwp%2Fv2%2Fcomments&post=3971"}],"version-history":[{"count":6,"href":"http:\/\/eminatasoy.com\/index.php?rest_route=\/wp\/v2\/pages\/3971\/revisions"}],"predecessor-version":[{"id":12274,"href":"http:\/\/eminatasoy.com\/index.php?rest_route=\/wp\/v2\/pages\/3971\/revisions\/12274"}],"wp:attachment":[{"href":"http:\/\/eminatasoy.com\/index.php?rest_route=%2Fwp%2Fv2%2Fmedia&parent=3971"}],"curies":[{"name":"wp","href":"https:\/\/api.w.org\/{rel}","templated":true}]}}