{"id":631,"date":"2013-04-22T10:05:30","date_gmt":"2013-04-22T10:05:30","guid":{"rendered":"http:\/\/3clicks.bringthepixel.com\/?page_id=631"},"modified":"2015-01-13T09:33:34","modified_gmt":"2015-01-13T09:33:34","slug":"contact-us","status":"publish","type":"page","link":"http:\/\/eminatasoy.com\/?page_id=631","title":{"rendered":"\u0130leti\u015fim"},"content":{"rendered":"<ul class=\"g1-grid\"><li class=\"g1-column g1-one-half g1-valign-top\">\n<h2>Adres<\/h2>\n<div class=\"g1-gmap-wrapper\">\n<div id=\"g1-gmap-counter-1\" class=\"g1-gmap\" data-g1-gmap-config=\"{ map_type: 'small',invert_lightness: '0',latitude: '40.224853459048',longitude: '28.87617460961758',zoom: '15',marker: 'standard',marker_icon: '',type: 'simple' }\" style=\"width: 100%; height: 400px;\">\n<div class=\"g1-gmap-content\" style=\"display: none;\">\n<\/div><\/div><\/div>\n\n<\/li><!-- -->\n<li class=\"g1-column g1-one-half g1-valign-top\">\n<h2>Mesaj\u0131n\u0131z<\/h2>\n<form action=\"http:\/\/eminatasoy.com\/?page_id=631#contact-form-counter-1\" method=\"post\" id=\"contact-form-counter-1\" class=\"contact-form\"><div class=\"form-row\"><label for=\"contact_form_name_1\">Ad Soyad <em class=\"meta\">(zorunlu)<\/em><\/label><input type=\"text\" id=\"contact_form_name_1\" name=\"contact_form_name_1\" value=\"\" \/><\/div><div class=\"form-row\"><label for=\"contact_form_email_1\">Email  <em class=\"meta\">(zorunlu)<\/em><\/label><input type=\"text\" id=\"contact_form_email_1\" name=\"contact_form_email_1\" value=\"\" \/><\/div><div class=\"form-row\"><label for=\"contact_form_message_1\">Mesajiniz <em class=\"meta\">(zorunlu)<\/em><\/label><textarea id=\"contact_form_message_1\" name=\"contact_form_message_1\" rows=\"5\" cols=\"5\"><\/textarea><\/div><div class=\"form-row\"><label for=\"contact_form_captcha_1\">4 + 3 ?  <em class=\"meta\">(Yandaki islemi yapiniz.)<\/em><\/label><input type=\"text\" class=\"u-2\" id=\"contact_form_captcha_1\" name=\"contact_form_captcha_1\" value=\"\" \/><\/div><fieldset><input type=\"hidden\" id=\"contact_form_captcha_hash_1\" name=\"contact_form_captcha_hash_1\" value=\"2e65f2f2fdaf6c699b223c61b1b5ab89\" \/><\/fieldset><fieldset><input type=\"hidden\" id=\"contact_form_data\" name=\"contact_form_data\" value=\"YTo4OntzOjI6ImlkIjtzOjA6IiI7czo1OiJjbGFzcyI7czowOiIiO3M6NDoibmFtZSI7czoxMjoiY29udGFjdF9mb3JtIjtzOjU6ImVtYWlsIjtzOjIxOiJnZW9ncmFmMTk2OUBnbWFpbC5jb20iO3M6Nzoic3ViamVjdCI7czo0OiJLb251IjtzOjc6InN1Y2Nlc3MiO3M6NzoiR8O2bmRlciI7czo3OiJmYWlsdXJlIjtzOjMyOiJIYXRhLCBsw7x0ZmVuIHRla3JhciBkZW5leWluaXouICI7czo3OiJjb3VudGVyIjtpOjE7fQ==\" \/><\/fieldset><div class=\"form-row\"><input type=\"submit\" name=\"contact_form_submit_1\" id=\"contact_form_submit_1\" value=\"G\u00f6nder\" \/><\/div><\/form>\n<\/li><!-- --><\/ul>\n<div id=\"g1-divider-1\" class=\"g1-divider g1-divider--none g1-divider--noicon \"><\/div>\n<ul class=\"g1-grid\"><li class=\"g1-column g1-one-third g1-valign-top\">\n<ul class=\"g1-grid\"><li class=\"g1-column g1-one-fourth g1-valign-top\">\n<i id=\"icon-1\" class=\"icon-map-marker g1-icon g1-icon--solid g1-icon--medium g1-icon--inherit \"><\/i>\n<\/li><!-- -->\n<li class=\"g1-column g1-three-fourth g1-valign-top\">\n<p><strong>Adres:<\/strong><\/p>\n<p>Uluda\u011f \u00fcniversitesi, E\u011fitim fak\u00fcltesi<\/p>\n<p>\u0130lk\u00f6\u011fretim B\u00f6l\u00fcm\u00fc, G\u00f6r\u00fckle Kamp\u00fcs\u00fc, BURSA<\/p>\n<\/li><!-- --><\/ul>\n<\/li><!-- -->\n<li class=\"g1-column g1-one-third g1-valign-top\">\n<ul class=\"g1-grid\"><li class=\"g1-column g1-one-fourth g1-valign-top\">\n<i id=\"icon-2\" class=\"icon-phone g1-icon g1-icon--solid g1-icon--medium g1-icon--inherit \"><\/i>\n<\/li><!-- -->\n<li class=\"g1-column g1-three-fourth g1-valign-top\">\n<p><strong>Telefon:<\/strong><br \/>\nTel:\u00a0+90(224) 294 22 82<\/p>\n<\/li><!-- --><\/ul>\n<\/li><!-- -->\n<li class=\"g1-column g1-one-third g1-valign-top\">\n<ul class=\"g1-grid\"><li class=\"g1-column g1-one-fourth g1-valign-top\">\n<i id=\"icon-3\" class=\"icon-envelope-alt g1-icon g1-icon--solid g1-icon--medium g1-icon--inherit \"><\/i>\n<\/li><!-- -->\n<li class=\"g1-column g1-three-fourth g1-valign-top\">\n<p><strong>Email:<\/strong><br \/>\n<span lang=\"TR\"><span style=\"color: #000000; font-family: Calibri;\">Geograf1969@gmail.com<\/span><\/span><\/p>\n<p><span lang=\"TR\"><span style=\"color: #000000; font-family: Calibri;\">Emin69atasoy@mynet.com<\/span><\/span><\/p>\n<\/li><!-- --><\/ul>\n<\/li><!-- --><\/ul>\n","protected":false},"excerpt":{"rendered":"","protected":false},"author":1,"featured_media":0,"parent":0,"menu_order":0,"comment_status":"closed","ping_status":"closed","template":"","meta":{"footnotes":""},"_links":{"self":[{"href":"http:\/\/eminatasoy.com\/index.php?rest_route=\/wp\/v2\/pages\/631"}],"collection":[{"href":"http:\/\/eminatasoy.com\/index.php?rest_route=\/wp\/v2\/pages"}],"about":[{"href":"http:\/\/eminatasoy.com\/index.php?rest_route=\/wp\/v2\/types\/page"}],"author":[{"embeddable":true,"href":"http:\/\/eminatasoy.com\/index.php?rest_route=\/wp\/v2\/users\/1"}],"replies":[{"embeddable":true,"href":"http:\/\/eminatasoy.com\/index.php?rest_route=%2Fwp%2Fv2%2Fcomments&post=631"}],"version-history":[{"count":6,"href":"http:\/\/eminatasoy.com\/index.php?rest_route=\/wp\/v2\/pages\/631\/revisions"}],"predecessor-version":[{"id":3942,"href":"http:\/\/eminatasoy.com\/index.php?rest_route=\/wp\/v2\/pages\/631\/revisions\/3942"}],"wp:attachment":[{"href":"http:\/\/eminatasoy.com\/index.php?rest_route=%2Fwp%2Fv2%2Fmedia&parent=631"}],"curies":[{"name":"wp","href":"https:\/\/api.w.org\/{rel}","templated":true}]}}